{"id":5224,"date":"2025-03-07T05:46:49","date_gmt":"2025-03-07T05:46:49","guid":{"rendered":"https:\/\/ewajoyeria.com\/?post_type=product&#038;p=5224"},"modified":"2025-12-16T08:58:41","modified_gmt":"2025-12-16T08:58:41","slug":"anillooroamarillo-con-diamantes-rubies-marquesa","status":"publish","type":"product","link":"https:\/\/ewajoyeria.com\/index.php\/producto\/anillooroamarillo-con-diamantes-rubies-marquesa\/","title":{"rendered":"Anillo oro amarillo con diamantes y rub\u00edes MARQUESA"},"content":{"rendered":"<p>Anillo oro amarillo con diamantes y rub\u00edes MARQUESA<\/p>\n<p>0.30 ct de diamante en total<\/p>\n<p>0.50 ct de rubi\u00e9s NATURALES<\/p>\n<p>COLOR DE DIAMANTE I-H<\/p>\n<p><a style=\"font-size: 16px; background-color: #ffffff;\" href=\"https:\/\/ewajoyeria.com\/index.php\/2024\/03\/28\/color-y-quilates-de-los-diamantes-utilizados-en-ewa-joyeria\/\">\u00bfQu\u00e9 significa esto?<\/a><\/p>\n<p>Hecho en Colombia con materiales de alta calidad.<\/p>\n<p>Conoce nuestro oro: <a href=\"https:\/\/ewajoyeria.com\/index.php\/oro-responsable\/\">ORO RESPONSABLE<\/a><\/p>\n<p>Garant\u00eda de por vida para mantenimiento y limpieza.<\/p>\n<p>\u00bfNo sabe la medida de su anillo?, con su celular de clic en este link y siga est\u00e1 gu\u00eda (en ingl\u00e9s) <a href=\"https:\/\/ringsizer.moonmagic.com\/\">https:\/\/ringsizer.moonmagic.com\/\u00a0<\/a><\/p>\n<p>Pol\u00edtica de devoluciones:<\/p>\n<p>Si no est\u00e1 completamente satisfecho con su anillo de oro, aceptamos devoluciones dentro de los 30 d\u00edas posteriores a la compra. El anillo debe estar en su estado original y sin usar. Para procesar una devoluci\u00f3n, comun\u00edquese con nuestro servicio al cliente para obtener m\u00e1s informaci\u00f3n sobre el proceso de devoluci\u00f3n y el reembolso. Tenga en cuenta que los gastos de env\u00edo no son reembolsables. ver m\u00e1s detalles aqu\u00ed.<\/p>\n","protected":false},"excerpt":{"rendered":"<p>Anillo en oro amarillo con diamantes y rub\u00edes MARQUESA<\/p>\n<p>Hecho en Colombia con materiales de alta calidad.<\/p>\n<p>0.30 ct de diamante en total<\/p>\n<p>0.50 ct de rubi\u00e9s NATURALES<\/p>\n<p>COLOR DE DIAMANTE I-H<\/p>\n<p><a style=\"font-size: 16px; background-color: #ffffff;\" href=\"https:\/\/ewajoyeria.com\/index.php\/2024\/03\/28\/color-y-quilates-de-los-diamantes-utilizados-en-ewa-joyeria\/\">\u00bfQu\u00e9 significa esto?<\/a><\/p>\n<p>Conoce nuestro oro: <a href=\"https:\/\/ewajoyeria.com\/index.php\/oro-responsable\/\">ORO RESPONSABLE<\/a><\/p>\n<p>Hecho en Colombia, materiales alta calidad y garant\u00eda mantenimiento.<\/p>\n","protected":false},"featured_media":6168,"comment_status":"open","ping_status":"closed","template":"","meta":{"site-sidebar-layout":"default","site-content-layout":"default","ast-site-content-layout":"default","site-content-style":"default","site-sidebar-style":"default","ast-global-header-display":"","ast-banner-title-visibility":"","ast-main-header-display":"","ast-hfb-above-header-display":"","ast-hfb-below-header-display":"","ast-hfb-mobile-header-display":"","site-post-title":"","ast-breadcrumbs-content":"","ast-featured-img":"","footer-sml-layout":"","theme-transparent-header-meta":"default","adv-header-id-meta":"","stick-header-meta":"","header-above-stick-meta":"","header-main-stick-meta":"","header-below-stick-meta":"","astra-migrate-meta-layouts":"default","ast-page-background-enabled":"default","ast-page-background-meta":{"desktop":{"background-color":"var(--ast-global-color-4)","background-image":"","background-repeat":"repeat","background-position":"center center","background-size":"auto","background-attachment":"scroll","background-type":"","background-media":"","overlay-type":"","overlay-color":"","overlay-opacity":"","overlay-gradient":""},"tablet":{"background-color":"","background-image":"","background-repeat":"repeat","background-position":"center center","background-size":"auto","background-attachment":"scroll","background-type":"","background-media":"","overlay-type":"","overlay-color":"","overlay-opacity":"","overlay-gradient":""},"mobile":{"background-color":"","background-image":"","background-repeat":"repeat","background-position":"center center","background-size":"auto","background-attachment":"scroll","background-type":"","background-media":"","overlay-type":"","overlay-color":"","overlay-opacity":"","overlay-gradient":""}},"ast-content-background-meta":{"desktop":{"background-color":"var(--ast-global-color-5)","background-image":"","background-repeat":"repeat","background-position":"center center","background-size":"auto","background-attachment":"scroll","background-type":"","background-media":"","overlay-type":"","overlay-color":"","overlay-opacity":"","overlay-gradient":""},"tablet":{"background-color":"var(--ast-global-color-5)","background-image":"","background-repeat":"repeat","background-position":"center center","background-size":"auto","background-attachment":"scroll","background-type":"","background-media":"","overlay-type":"","overlay-color":"","overlay-opacity":"","overlay-gradient":""},"mobile":{"background-color":"var(--ast-global-color-5)","background-image":"","background-repeat":"repeat","background-position":"center center","background-size":"auto","background-attachment":"scroll","background-type":"","background-media":"","overlay-type":"","overlay-color":"","overlay-opacity":"","overlay-gradient":""}}},"product_brand":[],"product_cat":[66,72,60,37],"product_tag":[],"class_list":{"0":"post-5224","1":"product","2":"type-product","3":"status-publish","4":"has-post-thumbnail","6":"product_cat-anillo-matrimonio-mujer","7":"product_cat-anillos-de-regalo","8":"product_cat-nueva-coleccion-oro","9":"product_cat-producto-destacado","10":"desktop-align-left","11":"tablet-align-left","12":"mobile-align-left","14":"first","15":"instock","16":"shipping-taxable","17":"purchasable","18":"product-type-variable"},"aioseo_notices":[],"_links":{"self":[{"href":"https:\/\/ewajoyeria.com\/index.php\/wp-json\/wp\/v2\/product\/5224","targetHints":{"allow":["GET"]}}],"collection":[{"href":"https:\/\/ewajoyeria.com\/index.php\/wp-json\/wp\/v2\/product"}],"about":[{"href":"https:\/\/ewajoyeria.com\/index.php\/wp-json\/wp\/v2\/types\/product"}],"replies":[{"embeddable":true,"href":"https:\/\/ewajoyeria.com\/index.php\/wp-json\/wp\/v2\/comments?post=5224"}],"wp:featuredmedia":[{"embeddable":true,"href":"https:\/\/ewajoyeria.com\/index.php\/wp-json\/wp\/v2\/media\/6168"}],"wp:attachment":[{"href":"https:\/\/ewajoyeria.com\/index.php\/wp-json\/wp\/v2\/media?parent=5224"}],"wp:term":[{"taxonomy":"product_brand","embeddable":true,"href":"https:\/\/ewajoyeria.com\/index.php\/wp-json\/wp\/v2\/product_brand?post=5224"},{"taxonomy":"product_cat","embeddable":true,"href":"https:\/\/ewajoyeria.com\/index.php\/wp-json\/wp\/v2\/product_cat?post=5224"},{"taxonomy":"product_tag","embeddable":true,"href":"https:\/\/ewajoyeria.com\/index.php\/wp-json\/wp\/v2\/product_tag?post=5224"}],"curies":[{"name":"wp","href":"https:\/\/api.w.org\/{rel}","templated":true}]}}