{"id":2481,"date":"2023-11-04T21:55:47","date_gmt":"2023-11-04T21:55:47","guid":{"rendered":"https:\/\/ewajoyeria.com\/?post_type=product&#038;p=2481"},"modified":"2025-10-01T13:57:51","modified_gmt":"2025-10-01T13:57:51","slug":"anillo-de-compromiso-oro-amarillo-con-diamantes-estilo-tradicional","status":"publish","type":"product","link":"https:\/\/ewajoyeria.com\/index.php\/producto\/anillo-de-compromiso-oro-amarillo-con-diamantes-estilo-tradicional\/","title":{"rendered":"Anillo de compromiso oro amarillo con diamantes estilo tradicional"},"content":{"rendered":"<p>Anillo de compromiso oro amarillo con diamantes estilo tradicional (engaste de diamante principal tipo diente)<\/p>\n<p>0.32 quilates de diamantes en total<\/p>\n<p>Hecho en Colombia con materiales de alta calidad y certificados.<\/p>\n<p>Garant\u00eda de por vida para mantenimiento y limpieza.<\/p>\n<p>&nbsp;<\/p>\n<p>Pol\u00edtica de devoluciones:<\/p>\n<p>Si no est\u00e1 completamente satisfecho con su anillo de oro, aceptamos devoluciones dentro de los 30 d\u00edas posteriores a la compra. El anillo debe estar en su estado original y sin usar. Para procesar una devoluci\u00f3n, comun\u00edquese con nuestro servicio al cliente para obtener m\u00e1s informaci\u00f3n sobre el proceso de devoluci\u00f3n y el reembolso. Tenga en cuenta que los gastos de env\u00edo no son reembolsables. ver m\u00e1s detalles aqu\u00ed.<\/p>\n","protected":false},"excerpt":{"rendered":"<p>Anillo de compromiso oro amarillo con diamantes estilo tradicional (engaste de diamante principal tipo diente)<\/p>\n<p>0.32 quilates de diamantes en total<\/p>\n<p>Hecho en Colombia, materiales alta calidad y garant\u00eda mantenimiento.<\/p>\n","protected":false},"featured_media":6243,"comment_status":"open","ping_status":"closed","template":"","meta":{"site-sidebar-layout":"default","site-content-layout":"default","ast-site-content-layout":"default","site-content-style":"default","site-sidebar-style":"default","ast-global-header-display":"","ast-banner-title-visibility":"","ast-main-header-display":"","ast-hfb-above-header-display":"","ast-hfb-below-header-display":"","ast-hfb-mobile-header-display":"","site-post-title":"","ast-breadcrumbs-content":"","ast-featured-img":"","footer-sml-layout":"","theme-transparent-header-meta":"default","adv-header-id-meta":"","stick-header-meta":"","header-above-stick-meta":"","header-main-stick-meta":"","header-below-stick-meta":"","astra-migrate-meta-layouts":"default","ast-page-background-enabled":"default","ast-page-background-meta":{"desktop":{"background-color":"var(--ast-global-color-4)","background-image":"","background-repeat":"repeat","background-position":"center center","background-size":"auto","background-attachment":"scroll","background-type":"","background-media":"","overlay-type":"","overlay-color":"","overlay-opacity":"","overlay-gradient":""},"tablet":{"background-color":"","background-image":"","background-repeat":"repeat","background-position":"center center","background-size":"auto","background-attachment":"scroll","background-type":"","background-media":"","overlay-type":"","overlay-color":"","overlay-opacity":"","overlay-gradient":""},"mobile":{"background-color":"","background-image":"","background-repeat":"repeat","background-position":"center center","background-size":"auto","background-attachment":"scroll","background-type":"","background-media":"","overlay-type":"","overlay-color":"","overlay-opacity":"","overlay-gradient":""}},"ast-content-background-meta":{"desktop":{"background-color":"var(--ast-global-color-5)","background-image":"","background-repeat":"repeat","background-position":"center center","background-size":"auto","background-attachment":"scroll","background-type":"","background-media":"","overlay-type":"","overlay-color":"","overlay-opacity":"","overlay-gradient":""},"tablet":{"background-color":"var(--ast-global-color-5)","background-image":"","background-repeat":"repeat","background-position":"center center","background-size":"auto","background-attachment":"scroll","background-type":"","background-media":"","overlay-type":"","overlay-color":"","overlay-opacity":"","overlay-gradient":""},"mobile":{"background-color":"var(--ast-global-color-5)","background-image":"","background-repeat":"repeat","background-position":"center center","background-size":"auto","background-attachment":"scroll","background-type":"","background-media":"","overlay-type":"","overlay-color":"","overlay-opacity":"","overlay-gradient":""}}},"product_brand":[],"product_cat":[39,60],"product_tag":[47,62,61],"class_list":{"0":"post-2481","1":"product","2":"type-product","3":"status-publish","4":"has-post-thumbnail","6":"product_cat-anillos-compromiso","7":"product_cat-nueva-coleccion-oro","8":"product_tag-anillos-compromiso","9":"product_tag-diamantes","10":"product_tag-oro-amarillo","11":"desktop-align-left","12":"tablet-align-left","13":"mobile-align-left","15":"first","16":"instock","17":"shipping-taxable","18":"purchasable","19":"product-type-variable"},"aioseo_notices":[],"_links":{"self":[{"href":"https:\/\/ewajoyeria.com\/index.php\/wp-json\/wp\/v2\/product\/2481","targetHints":{"allow":["GET"]}}],"collection":[{"href":"https:\/\/ewajoyeria.com\/index.php\/wp-json\/wp\/v2\/product"}],"about":[{"href":"https:\/\/ewajoyeria.com\/index.php\/wp-json\/wp\/v2\/types\/product"}],"replies":[{"embeddable":true,"href":"https:\/\/ewajoyeria.com\/index.php\/wp-json\/wp\/v2\/comments?post=2481"}],"wp:featuredmedia":[{"embeddable":true,"href":"https:\/\/ewajoyeria.com\/index.php\/wp-json\/wp\/v2\/media\/6243"}],"wp:attachment":[{"href":"https:\/\/ewajoyeria.com\/index.php\/wp-json\/wp\/v2\/media?parent=2481"}],"wp:term":[{"taxonomy":"product_brand","embeddable":true,"href":"https:\/\/ewajoyeria.com\/index.php\/wp-json\/wp\/v2\/product_brand?post=2481"},{"taxonomy":"product_cat","embeddable":true,"href":"https:\/\/ewajoyeria.com\/index.php\/wp-json\/wp\/v2\/product_cat?post=2481"},{"taxonomy":"product_tag","embeddable":true,"href":"https:\/\/ewajoyeria.com\/index.php\/wp-json\/wp\/v2\/product_tag?post=2481"}],"curies":[{"name":"wp","href":"https:\/\/api.w.org\/{rel}","templated":true}]}}