{"id":2156,"date":"2023-07-24T22:01:33","date_gmt":"2023-07-24T22:01:33","guid":{"rendered":"https:\/\/ewajoyeria.com\/?post_type=product&#038;p=2156"},"modified":"2025-08-22T20:40:42","modified_gmt":"2025-08-22T20:40:42","slug":"aretes-lady-en-oro-blanco-con-diamantes","status":"publish","type":"product","link":"https:\/\/ewajoyeria.com\/index.php\/producto\/aretes-lady-en-oro-blanco-con-diamantes\/","title":{"rendered":"Aretes en oro blanco o amarillo con diamantes estilo LADY"},"content":{"rendered":"<p>Aretes en oro blanco o amarillo con diamantes estilo LADY<\/p>\n<p>0.50 ct diamantes principales<br \/>\n0.20 ct diamantes secundarios<\/p>\n<p>Hecho en Colombia con materiales de alta calidad y certificados.<\/p>\n<p>Garant\u00eda de por vida para mantenimiento y limpieza.<\/p>\n<p>&nbsp;<\/p>\n<p>Pol\u00edtica de devoluciones:<\/p>\n<p>Si no est\u00e1 completamente satisfecho con su anillo de oro, aceptamos devoluciones dentro de los 30 d\u00edas posteriores a la compra. El anillo debe estar en su estado original y sin usar. Para procesar una devoluci\u00f3n, comun\u00edquese con nuestro servicio al cliente para obtener m\u00e1s informaci\u00f3n sobre el proceso de devoluci\u00f3n y el reembolso. Tenga en cuenta que los gastos de env\u00edo no son reembolsables. ver m\u00e1s detalles aqu\u00ed.<\/p>\n","protected":false},"excerpt":{"rendered":"<p>Aretes en oro blanco o amarillo con diamantes estilo LADY<\/p>\n<p>0.50 ct diamantes principales<br \/>\n0.20 ct diamantes secundarios<\/p>\n<p>COLOR DE DIAMANTE D-F<\/p>\n<p><a href=\"https:\/\/ewajoyeria.com\/index.php\/2024\/03\/28\/color-y-quilates-de-los-diamantes-utilizados-en-ewa-joyeria\/\">\u00bfQu\u00e9 significa esto?<\/a><\/p>\n<p>Hecho en Colombia, materiales alta calidad y <a href=\"https:\/\/ewajoyeria.com\/index.php\/garantia-de-joyeria\/\">garant\u00eda<\/a>.<\/p>\n<p><a href=\"https:\/\/ewajoyeria.com\/index.php\/oro-responsable\/\">Conoce nuestro ORO<\/a><\/p>\n","protected":false},"featured_media":6044,"comment_status":"open","ping_status":"closed","template":"","meta":{"site-sidebar-layout":"no-sidebar","site-content-layout":"default","ast-site-content-layout":"default","site-content-style":"default","site-sidebar-style":"default","ast-global-header-display":"","ast-banner-title-visibility":"","ast-main-header-display":"","ast-hfb-above-header-display":"","ast-hfb-below-header-display":"","ast-hfb-mobile-header-display":"","site-post-title":"","ast-breadcrumbs-content":"","ast-featured-img":"","footer-sml-layout":"","theme-transparent-header-meta":"default","adv-header-id-meta":"","stick-header-meta":"","header-above-stick-meta":"","header-main-stick-meta":"","header-below-stick-meta":"","astra-migrate-meta-layouts":"default","ast-page-background-enabled":"default","ast-page-background-meta":{"desktop":{"background-color":"var(--ast-global-color-4)","background-image":"","background-repeat":"repeat","background-position":"center center","background-size":"auto","background-attachment":"scroll","background-type":"","background-media":"","overlay-type":"","overlay-color":"","overlay-opacity":"","overlay-gradient":""},"tablet":{"background-color":"","background-image":"","background-repeat":"repeat","background-position":"center center","background-size":"auto","background-attachment":"scroll","background-type":"","background-media":"","overlay-type":"","overlay-color":"","overlay-opacity":"","overlay-gradient":""},"mobile":{"background-color":"","background-image":"","background-repeat":"repeat","background-position":"center center","background-size":"auto","background-attachment":"scroll","background-type":"","background-media":"","overlay-type":"","overlay-color":"","overlay-opacity":"","overlay-gradient":""}},"ast-content-background-meta":{"desktop":{"background-color":"var(--ast-global-color-5)","background-image":"","background-repeat":"repeat","background-position":"center center","background-size":"auto","background-attachment":"scroll","background-type":"","background-media":"","overlay-type":"","overlay-color":"","overlay-opacity":"","overlay-gradient":""},"tablet":{"background-color":"var(--ast-global-color-5)","background-image":"","background-repeat":"repeat","background-position":"center center","background-size":"auto","background-attachment":"scroll","background-type":"","background-media":"","overlay-type":"","overlay-color":"","overlay-opacity":"","overlay-gradient":""},"mobile":{"background-color":"var(--ast-global-color-5)","background-image":"","background-repeat":"repeat","background-position":"center center","background-size":"auto","background-attachment":"scroll","background-type":"","background-media":"","overlay-type":"","overlay-color":"","overlay-opacity":"","overlay-gradient":""}}},"product_brand":[],"product_cat":[32],"product_tag":[56,58,48],"class_list":{"0":"post-2156","1":"product","2":"type-product","3":"status-publish","4":"has-post-thumbnail","6":"product_cat-accesorios","7":"product_tag-aretes","8":"product_tag-nueva-coleccion-aretes","9":"product_tag-oro-blanco","10":"desktop-align-left","11":"tablet-align-left","12":"mobile-align-left","14":"first","15":"instock","16":"shipping-taxable","17":"purchasable","18":"product-type-variable","19":"has-default-attributes"},"aioseo_notices":[],"_links":{"self":[{"href":"https:\/\/ewajoyeria.com\/index.php\/wp-json\/wp\/v2\/product\/2156","targetHints":{"allow":["GET"]}}],"collection":[{"href":"https:\/\/ewajoyeria.com\/index.php\/wp-json\/wp\/v2\/product"}],"about":[{"href":"https:\/\/ewajoyeria.com\/index.php\/wp-json\/wp\/v2\/types\/product"}],"replies":[{"embeddable":true,"href":"https:\/\/ewajoyeria.com\/index.php\/wp-json\/wp\/v2\/comments?post=2156"}],"wp:featuredmedia":[{"embeddable":true,"href":"https:\/\/ewajoyeria.com\/index.php\/wp-json\/wp\/v2\/media\/6044"}],"wp:attachment":[{"href":"https:\/\/ewajoyeria.com\/index.php\/wp-json\/wp\/v2\/media?parent=2156"}],"wp:term":[{"taxonomy":"product_brand","embeddable":true,"href":"https:\/\/ewajoyeria.com\/index.php\/wp-json\/wp\/v2\/product_brand?post=2156"},{"taxonomy":"product_cat","embeddable":true,"href":"https:\/\/ewajoyeria.com\/index.php\/wp-json\/wp\/v2\/product_cat?post=2156"},{"taxonomy":"product_tag","embeddable":true,"href":"https:\/\/ewajoyeria.com\/index.php\/wp-json\/wp\/v2\/product_tag?post=2156"}],"curies":[{"name":"wp","href":"https:\/\/api.w.org\/{rel}","templated":true}]}}