{"id":17000,"date":"2026-04-18T23:13:42","date_gmt":"2026-04-18T23:13:42","guid":{"rendered":"https:\/\/ewajoyeria.com\/?post_type=product&#038;p=17000"},"modified":"2026-05-01T18:35:02","modified_gmt":"2026-05-01T18:35:02","slug":"anillo-de-compromiso-en-oro-blanco-con-diamantes-estilo-detour","status":"publish","type":"product","link":"https:\/\/ewajoyeria.com\/index.php\/producto\/anillo-de-compromiso-en-oro-blanco-con-diamantes-estilo-detour\/","title":{"rendered":"Anillo de compromiso en oro blanco con diamantes estilo DETOUR"},"content":{"rendered":"<p>Anillo de compromiso en oro blanco con diamantes estilo DETOUR<\/p>\n<p>.0.47 cts piedra central<\/p>\n<p>COLOR DE DIAMANTE I-H<\/p>\n<p><a href=\"https:\/\/ewajoyeria.com\/index.php\/2024\/03\/28\/color-y-quilates-de-los-diamantes-utilizados-en-ewa-joyeria\/\">\u00bfQu\u00e9 significa esto?<\/a><\/p>\n<p><a href=\"https:\/\/ewajoyeria.com\/index.php\/garantia-de-joyeria\/\">Hecho en Colombia con materiales de alta calidad y certificados.<\/a><\/p>\n<p>Garant\u00eda para mantenimiento y limpieza, conoce m\u00e1s AQU\u00cd.<\/p>\n","protected":false},"excerpt":{"rendered":"<p>EWA joyeria Anillo de compromiso en oro blanco con diamante estilo DETOUR<\/p>\n<p>.0.47 cts piedra central<\/p>\n<p>COLOR DE DIAMANTE I-H<\/p>\n<p><a href=\"https:\/\/ewajoyeria.com\/index.php\/2024\/03\/28\/color-y-quilates-de-los-diamantes-utilizados-en-ewa-joyeria\/\">\u00bfQu\u00e9 significa esto?<\/a><\/p>\n<p><a href=\"https:\/\/ewajoyeria.com\/index.php\/garantia-de-joyeria\/\">Hecho en Colombia, materiales alta calidad y garant\u00eda.<\/a><\/p>\n<p><a href=\"https:\/\/ewajoyeria.com\/index.php\/oro-responsable\/\">Conoce nuestro ORO<\/a><\/p>\n<p>Engagement ring in white gold with diamonds, DETOUR style<\/p>\n<p>.0.47 ct central stone<\/p>\n<p>DIAMOND COLOR I-H<\/p>\n<p>What does this mean?<\/p>\n<p>Made in Colombia with high-quality materials and warranty.<\/p>\n<p>Learn about our GOLD<\/p>\n","protected":false},"featured_media":12956,"comment_status":"open","ping_status":"closed","template":"","meta":{"site-sidebar-layout":"default","site-content-layout":"","ast-site-content-layout":"default","site-content-style":"default","site-sidebar-style":"default","ast-global-header-display":"","ast-banner-title-visibility":"","ast-main-header-display":"","ast-hfb-above-header-display":"","ast-hfb-below-header-display":"","ast-hfb-mobile-header-display":"","site-post-title":"","ast-breadcrumbs-content":"","ast-featured-img":"","footer-sml-layout":"","theme-transparent-header-meta":"","adv-header-id-meta":"","stick-header-meta":"","header-above-stick-meta":"","header-main-stick-meta":"","header-below-stick-meta":"","astra-migrate-meta-layouts":"default","ast-page-background-enabled":"default","ast-page-background-meta":{"desktop":{"background-color":"var(--ast-global-color-4)","background-image":"","background-repeat":"repeat","background-position":"center center","background-size":"auto","background-attachment":"scroll","background-type":"","background-media":"","overlay-type":"","overlay-color":"","overlay-opacity":"","overlay-gradient":""},"tablet":{"background-color":"","background-image":"","background-repeat":"repeat","background-position":"center center","background-size":"auto","background-attachment":"scroll","background-type":"","background-media":"","overlay-type":"","overlay-color":"","overlay-opacity":"","overlay-gradient":""},"mobile":{"background-color":"","background-image":"","background-repeat":"repeat","background-position":"center center","background-size":"auto","background-attachment":"scroll","background-type":"","background-media":"","overlay-type":"","overlay-color":"","overlay-opacity":"","overlay-gradient":""}},"ast-content-background-meta":{"desktop":{"background-color":"var(--ast-global-color-5)","background-image":"","background-repeat":"repeat","background-position":"center center","background-size":"auto","background-attachment":"scroll","background-type":"","background-media":"","overlay-type":"","overlay-color":"","overlay-opacity":"","overlay-gradient":""},"tablet":{"background-color":"var(--ast-global-color-5)","background-image":"","background-repeat":"repeat","background-position":"center center","background-size":"auto","background-attachment":"scroll","background-type":"","background-media":"","overlay-type":"","overlay-color":"","overlay-opacity":"","overlay-gradient":""},"mobile":{"background-color":"var(--ast-global-color-5)","background-image":"","background-repeat":"repeat","background-position":"center center","background-size":"auto","background-attachment":"scroll","background-type":"","background-media":"","overlay-type":"","overlay-color":"","overlay-opacity":"","overlay-gradient":""}}},"product_brand":[],"product_cat":[252,270],"product_tag":[47,62,48],"class_list":{"0":"post-17000","1":"product","2":"type-product","3":"status-publish","4":"has-post-thumbnail","6":"product_cat-anillos-de-compromiso","7":"product_cat-coleccion-2025","8":"product_tag-anillos-compromiso","9":"product_tag-diamantes","10":"product_tag-oro-blanco","11":"desktop-align-left","12":"tablet-align-left","13":"mobile-align-left","15":"first","16":"instock","17":"shipping-taxable","18":"purchasable","19":"product-type-variable"},"aioseo_notices":[],"_links":{"self":[{"href":"https:\/\/ewajoyeria.com\/index.php\/wp-json\/wp\/v2\/product\/17000","targetHints":{"allow":["GET"]}}],"collection":[{"href":"https:\/\/ewajoyeria.com\/index.php\/wp-json\/wp\/v2\/product"}],"about":[{"href":"https:\/\/ewajoyeria.com\/index.php\/wp-json\/wp\/v2\/types\/product"}],"replies":[{"embeddable":true,"href":"https:\/\/ewajoyeria.com\/index.php\/wp-json\/wp\/v2\/comments?post=17000"}],"wp:featuredmedia":[{"embeddable":true,"href":"https:\/\/ewajoyeria.com\/index.php\/wp-json\/wp\/v2\/media\/12956"}],"wp:attachment":[{"href":"https:\/\/ewajoyeria.com\/index.php\/wp-json\/wp\/v2\/media?parent=17000"}],"wp:term":[{"taxonomy":"product_brand","embeddable":true,"href":"https:\/\/ewajoyeria.com\/index.php\/wp-json\/wp\/v2\/product_brand?post=17000"},{"taxonomy":"product_cat","embeddable":true,"href":"https:\/\/ewajoyeria.com\/index.php\/wp-json\/wp\/v2\/product_cat?post=17000"},{"taxonomy":"product_tag","embeddable":true,"href":"https:\/\/ewajoyeria.com\/index.php\/wp-json\/wp\/v2\/product_tag?post=17000"}],"curies":[{"name":"wp","href":"https:\/\/api.w.org\/{rel}","templated":true}]}}