{"id":14693,"date":"2026-04-18T23:07:37","date_gmt":"2026-04-18T23:07:37","guid":{"rendered":"https:\/\/ewajoyeria.com\/?post_type=product&#038;p=14693"},"modified":"2026-05-01T18:31:05","modified_gmt":"2026-05-01T18:31:05","slug":"anillos-de-matrimonio-en-oro-blanco-y-amarillo-estilo-diamantes-flotantes","status":"publish","type":"product","link":"https:\/\/ewajoyeria.com\/index.php\/producto\/anillos-de-matrimonio-en-oro-blanco-y-amarillo-estilo-diamantes-flotantes\/","title":{"rendered":"Anillos de matrimonio en oro blanco y amarillo estilo DIAMANTES FLOTANTES"},"content":{"rendered":"<p>Anillos de matrimonio para parejas en oro blanco y amarillo<\/p>\n<p>DIAMANTES FLOTANTES<\/p>\n<p>20 piedras en total<\/p>\n<p>COLOR DE DIAMANTE I-H<\/p>\n<p><a href=\"https:\/\/ewajoyeria.com\/index.php\/2024\/03\/28\/color-y-quilates-de-los-diamantes-utilizados-en-ewa-joyeria\/\">\u00bfQu\u00e9 significa esto?<\/a><\/p>\n<p><a href=\"https:\/\/ewajoyeria.com\/index.php\/garantia-de-joyeria\/\">Hecho en Colombia, materiales alta calidad y garant\u00eda.<\/a><\/p>\n<p><a href=\"https:\/\/ewajoyeria.com\/index.php\/oro-responsable\/\">Conoce nuestro ORO<\/a><\/p>\n","protected":false},"excerpt":{"rendered":"<p>Anillos para parejas en oro blanco y amarillo estilo DIAMANTES FLOTANTES<\/p>\n<p>COLOR DE DIAMANTE I-H<\/p>\n<p><a href=\"https:\/\/ewajoyeria.com\/index.php\/2024\/03\/28\/color-y-quilates-de-los-diamantes-utilizados-en-ewa-joyeria\/\">\u00bfQu\u00e9 significa esto?<\/a><\/p>\n<p><a href=\"https:\/\/ewajoyeria.com\/index.php\/garantia-de-joyeria\/\">Hecho en Colombia con materiales de alta calidad y certificados.<\/a><\/p>\n<p>Garant\u00eda para mantenimiento y limpieza, conoce m\u00e1s AQU\u00cd.<\/p>\n","protected":false},"featured_media":10421,"comment_status":"open","ping_status":"closed","template":"","meta":{"site-sidebar-layout":"default","site-content-layout":"","ast-site-content-layout":"default","site-content-style":"default","site-sidebar-style":"default","ast-global-header-display":"","ast-banner-title-visibility":"","ast-main-header-display":"","ast-hfb-above-header-display":"","ast-hfb-below-header-display":"","ast-hfb-mobile-header-display":"","site-post-title":"","ast-breadcrumbs-content":"","ast-featured-img":"","footer-sml-layout":"","theme-transparent-header-meta":"","adv-header-id-meta":"","stick-header-meta":"","header-above-stick-meta":"","header-main-stick-meta":"","header-below-stick-meta":"","astra-migrate-meta-layouts":"default","ast-page-background-enabled":"default","ast-page-background-meta":{"desktop":{"background-color":"var(--ast-global-color-4)","background-image":"","background-repeat":"repeat","background-position":"center center","background-size":"auto","background-attachment":"scroll","background-type":"","background-media":"","overlay-type":"","overlay-color":"","overlay-opacity":"","overlay-gradient":""},"tablet":{"background-color":"","background-image":"","background-repeat":"repeat","background-position":"center center","background-size":"auto","background-attachment":"scroll","background-type":"","background-media":"","overlay-type":"","overlay-color":"","overlay-opacity":"","overlay-gradient":""},"mobile":{"background-color":"","background-image":"","background-repeat":"repeat","background-position":"center center","background-size":"auto","background-attachment":"scroll","background-type":"","background-media":"","overlay-type":"","overlay-color":"","overlay-opacity":"","overlay-gradient":""}},"ast-content-background-meta":{"desktop":{"background-color":"var(--ast-global-color-5)","background-image":"","background-repeat":"repeat","background-position":"center center","background-size":"auto","background-attachment":"scroll","background-type":"","background-media":"","overlay-type":"","overlay-color":"","overlay-opacity":"","overlay-gradient":""},"tablet":{"background-color":"var(--ast-global-color-5)","background-image":"","background-repeat":"repeat","background-position":"center center","background-size":"auto","background-attachment":"scroll","background-type":"","background-media":"","overlay-type":"","overlay-color":"","overlay-opacity":"","overlay-gradient":""},"mobile":{"background-color":"var(--ast-global-color-5)","background-image":"","background-repeat":"repeat","background-position":"center center","background-size":"auto","background-attachment":"scroll","background-type":"","background-media":"","overlay-type":"","overlay-color":"","overlay-opacity":"","overlay-gradient":""}}},"product_brand":[],"product_cat":[253,257],"product_tag":[67],"class_list":{"0":"post-14693","1":"product","2":"type-product","3":"status-publish","4":"has-post-thumbnail","6":"product_cat-anillos-de-matrimonio","7":"product_cat-set-especial-para-parejas","8":"product_tag-anillos-matrimonio","9":"desktop-align-left","10":"tablet-align-left","11":"mobile-align-left","13":"first","14":"instock","15":"shipping-taxable","16":"purchasable","17":"product-type-variable"},"aioseo_notices":[],"_links":{"self":[{"href":"https:\/\/ewajoyeria.com\/index.php\/wp-json\/wp\/v2\/product\/14693","targetHints":{"allow":["GET"]}}],"collection":[{"href":"https:\/\/ewajoyeria.com\/index.php\/wp-json\/wp\/v2\/product"}],"about":[{"href":"https:\/\/ewajoyeria.com\/index.php\/wp-json\/wp\/v2\/types\/product"}],"replies":[{"embeddable":true,"href":"https:\/\/ewajoyeria.com\/index.php\/wp-json\/wp\/v2\/comments?post=14693"}],"wp:featuredmedia":[{"embeddable":true,"href":"https:\/\/ewajoyeria.com\/index.php\/wp-json\/wp\/v2\/media\/10421"}],"wp:attachment":[{"href":"https:\/\/ewajoyeria.com\/index.php\/wp-json\/wp\/v2\/media?parent=14693"}],"wp:term":[{"taxonomy":"product_brand","embeddable":true,"href":"https:\/\/ewajoyeria.com\/index.php\/wp-json\/wp\/v2\/product_brand?post=14693"},{"taxonomy":"product_cat","embeddable":true,"href":"https:\/\/ewajoyeria.com\/index.php\/wp-json\/wp\/v2\/product_cat?post=14693"},{"taxonomy":"product_tag","embeddable":true,"href":"https:\/\/ewajoyeria.com\/index.php\/wp-json\/wp\/v2\/product_tag?post=14693"}],"curies":[{"name":"wp","href":"https:\/\/api.w.org\/{rel}","templated":true}]}}