{"id":5488,"date":"2025-04-17T23:43:08","date_gmt":"2025-04-17T23:43:08","guid":{"rendered":"https:\/\/ewajoyeria.com\/?page_id=5488"},"modified":"2025-06-02T08:36:12","modified_gmt":"2025-06-02T08:36:12","slug":"garantia-de-joyeria","status":"publish","type":"page","link":"https:\/\/ewajoyeria.com\/index.php\/garantia-de-joyeria\/","title":{"rendered":"Garant\u00eda de joyer\u00eda"},"content":{"rendered":"\t\t<div data-elementor-type=\"wp-page\" data-elementor-id=\"5488\" class=\"elementor elementor-5488\" data-elementor-post-type=\"page\">\n\t\t\t\t\t\t<section class=\"elementor-section elementor-top-section elementor-element elementor-element-019ee14 elementor-section-content-middle elementor-section-boxed elementor-section-height-default elementor-section-height-default\" data-id=\"019ee14\" data-element_type=\"section\">\n\t\t\t\t\t\t<div class=\"elementor-container elementor-column-gap-no\">\n\t\t\t\t\t<div class=\"elementor-column elementor-col-100 elementor-top-column elementor-element elementor-element-461ef0f\" data-id=\"461ef0f\" data-element_type=\"column\">\n\t\t\t<div class=\"elementor-widget-wrap elementor-element-populated\">\n\t\t\t\t\t\t<div class=\"elementor-element elementor-element-3ee578f elementor-widget elementor-widget-image\" data-id=\"3ee578f\" data-element_type=\"widget\" data-widget_type=\"image.default\">\n\t\t\t\t<div class=\"elementor-widget-container\">\n\t\t\t\t\t\t\t\t\t\t\t\t\t\t\t<img fetchpriority=\"high\" decoding=\"async\" width=\"490\" height=\"380\" src=\"https:\/\/ewajoyeria.com\/wp-content\/uploads\/2025\/01\/Anillos-a-medida-EWA-joyeria.png\" class=\"attachment-full size-full wp-image-5046\" alt=\"Anillos a medida EWA joyeria\" srcset=\"https:\/\/ewajoyeria.com\/wp-content\/uploads\/2025\/01\/Anillos-a-medida-EWA-joyeria.png 490w, https:\/\/ewajoyeria.com\/wp-content\/uploads\/2025\/01\/Anillos-a-medida-EWA-joyeria-300x233.png 300w\" sizes=\"(max-width: 490px) 100vw, 490px\" \/>\t\t\t\t\t\t\t\t\t\t\t\t\t\t\t<\/div>\n\t\t\t\t<\/div>\n\t\t\t\t<div class=\"elementor-element elementor-element-b06ec59 elementor-widget elementor-widget-heading\" data-id=\"b06ec59\" data-element_type=\"widget\" data-widget_type=\"heading.default\">\n\t\t\t\t<div class=\"elementor-widget-container\">\n\t\t\t\t\t<h1 class=\"elementor-heading-title elementor-size-default\">GARANT\u00cdA DE JOYER\u00cdA<\/h1>\t\t\t\t<\/div>\n\t\t\t\t<\/div>\n\t\t\t\t<div class=\"elementor-element elementor-element-296b9b4 elementor-widget elementor-widget-heading\" data-id=\"296b9b4\" data-element_type=\"widget\" data-widget_type=\"heading.default\">\n\t\t\t\t<div class=\"elementor-widget-container\">\n\t\t\t\t\t<p class=\"elementor-heading-title elementor-size-default\">Su creaci\u00f3n de joyer\u00eda merece nuestra m\u00e1xima atenci\u00f3n. Al confiarla a EWA joyer\u00eda, preservar\u00e1 su brillo y durabilidad.<\/p>\t\t\t\t<\/div>\n\t\t\t\t<\/div>\n\t\t\t\t<section class=\"elementor-section elementor-inner-section elementor-element elementor-element-94c6241 elementor-section-boxed elementor-section-height-default elementor-section-height-default\" data-id=\"94c6241\" data-element_type=\"section\">\n\t\t\t\t\t\t<div class=\"elementor-container elementor-column-gap-default\">\n\t\t\t\t\t<div class=\"elementor-column elementor-col-100 elementor-inner-column elementor-element elementor-element-5b141bc\" data-id=\"5b141bc\" data-element_type=\"column\">\n\t\t\t<div class=\"elementor-widget-wrap elementor-element-populated\">\n\t\t\t\t\t\t<div class=\"elementor-element elementor-element-57bf9d3 elementor-widget elementor-widget-text-editor\" data-id=\"57bf9d3\" data-element_type=\"widget\" data-widget_type=\"text-editor.default\">\n\t\t\t\t<div class=\"elementor-widget-container\">\n\t\t\t\t\t\t\t\t\t<p>La siguiente pol\u00edtica de garant\u00eda se aplica para todos los productos ofertados, productos reparados y\/o reproducidos por EWA joyer\u00eda.<\/p><p>Inicialmente, la garant\u00eda de por vida cubre los materiales y piedras preciosas utilizadas en el proceso de fabricaci\u00f3n. EWA joyer\u00eda siempre verificar\u00e1 y comprobar\u00e1 (por ejemplo, a trav\u00e9s de certificados opcionales) la calidad del oro y piedras utilizadas.<\/p><p>Por otro lado, para productos adquiridos, se incluir\u00e1 una Garant\u00eda para mantenimiento, reparaci\u00f3n y reajuste, en la que se especifica:<\/p><p>Toda intervenci\u00f3n se realiza de conformidad con los m\u00e1s altos est\u00e1ndares t\u00e9cnicos y est\u00e1 garantizado durante veinticuatro (24) meses a partir de la fecha de compra indicada en su factura contra cualquier defecto detectado por nuestro servicio t\u00e9cnico en la intervenci\u00f3n.<\/p><p>Para reparaci\u00f3n, reajuste o mantenimiento INICIAL, EWA joyer\u00eda ofrecer\u00e1 el servicio gratuitamente. Para reparaciones posteriores dentro de los 24 meses cubiertos por la garant\u00eda, los servicios tendr\u00e1n un descuento adicional. La garant\u00eda no cubre reajustes posteriores.<\/p><p>Puede obtener un plan de garant\u00eda adicional que incluir\u00e1 el mantenimiento, reparaci\u00f3n y diagn\u00f3stico anual de su pieza de joyer\u00eda.\u00a0 Para obtenerlo, podr\u00e1 contactar a EWA joyer\u00eda. Inicialmente el plan de garant\u00eda no est\u00e1 incluido dentro de su compra.<\/p><p>Su Garant\u00eda con EWA joyer\u00eda no constituye un contrato de servicio y no cubre, en particular:<\/p><p>Defectos o da\u00f1os resultantes de un uso indebido, negligencia o accidente.<br \/>Defectos o da\u00f1os causados por un uso inadecuado (golpes, abolladuras, aplastamiento de la caja, el cristal, el brazalete o la correa, etc.), alteraciones, manipulaci\u00f3n, desmontaje o modificaciones o reparaciones no autorizadas, as\u00ed como servicios, trabajos y reparaciones realizados por terceros que no sean en el taller de EWA joyer\u00eda, o causados por el uso de componentes o accesorios distintos a los recomendados por EWA.<br \/>Cualquier pregunta relacionada con reclamaciones bajo esta Garant\u00eda o de c\u00f3mo obtener servicio, incluyendo informaci\u00f3n sobre EWA joyer\u00eda dirigirse a:<\/p><p>Calle 13 #12-74 Centro Comercial Popular A local 282<br \/>Bogot\u00e1, Colombia<\/p><p>+57 3105458202<\/p><p>Correo: ewajoyeria1@gmail.com<\/p>\t\t\t\t\t\t\t\t<\/div>\n\t\t\t\t<\/div>\n\t\t\t\t<div class=\"elementor-element elementor-element-9f37128 elementor-widget elementor-widget-heading\" data-id=\"9f37128\" data-element_type=\"widget\" data-widget_type=\"heading.default\">\n\t\t\t\t<div class=\"elementor-widget-container\">\n\t\t\t\t\t<h2 class=\"elementor-heading-title elementor-size-default\">POL\u00cdTICA DE DEVOLUCI\u00d3N<\/h2>\t\t\t\t<\/div>\n\t\t\t\t<\/div>\n\t\t\t\t<div class=\"elementor-element elementor-element-fb9df61 elementor-widget elementor-widget-text-editor\" data-id=\"fb9df61\" data-element_type=\"widget\" data-widget_type=\"text-editor.default\">\n\t\t\t\t<div class=\"elementor-widget-container\">\n\t\t\t\t\t\t\t\t\t<p>La siguiente pol\u00edtica de devoluci\u00f3n aplica para todos los productos adquiridos online o f\u00edsicamente en nuestro taller.<\/p><p>Si no est\u00e1 completamente satisfecho con su pieza de joyer\u00eda, aceptamos devoluciones dentro de los 30 d\u00edas posteriores a la compra cumpliendo condiciones espec\u00edficas.<\/p><ul><li>No se admiten devoluciones ni cambios de creaciones grabadas, en relieve, modificadas o personalizadas.<\/li><li>Las pulseras deben devolverse con el mismo n\u00famero de eslabones que en el paquete de entrega original.<\/li><li>El art\u00edculo devuelto o cambiado debe pertenecer a una colecci\u00f3n actual; no se aceptan cambios de piezas descatalogadas.<\/li><\/ul><p>La pieza de joyer\u00eda debe estar en su estado original y sin usar, debe presentar su factura de compra. En caso de no estar en Bogot\u00e1, el costo de env\u00edo es adicional y no es cubierto por EWA joyer\u00eda.<\/p><p>Una vez recibido, su devoluci\u00f3n o cambio puede tardar de cinco a siete d\u00edas h\u00e1biles* para confirmar que est\u00e1 en perfecto estado y sin usar mediante nuestro proceso de control de calidad. Tenga en cuenta que el tiempo de devoluci\u00f3n puede variar dependiendo de su entidad bancaria.<\/p><p><span style=\"font-size: 16px;\">Para procesar una devoluci\u00f3n, comun\u00edquese a nuestros n\u00fameros de tel\u00e9fono.\u00a0<\/span><\/p><p>Nota: Las piezas grabadas, en relieve, personalizadas, por encargo o hechas a medida no se pueden devolver para su cambio o reembolso.<\/p><p>Cualquier pregunta relacionada con reclamaciones bajo esta Pol\u00edtica de devoluci\u00f3n, incluyendo informaci\u00f3n sobre EWA joyer\u00eda, dirigirse a:<\/p><p>Calle 13 #12-74 Centro Comercial Popular A local 282<br \/>Bogot\u00e1, Colombia<\/p><p>+57 3105458202<\/p><p>Correo: ewajoyeria1@gmail.com<\/p>\t\t\t\t\t\t\t\t<\/div>\n\t\t\t\t<\/div>\n\t\t\t\t\t<\/div>\n\t\t<\/div>\n\t\t\t\t\t<\/div>\n\t\t<\/section>\n\t\t\t\t\t<\/div>\n\t\t<\/div>\n\t\t\t\t\t<\/div>\n\t\t<\/section>\n\t\t\t\t<\/div>\n\t\t","protected":false},"excerpt":{"rendered":"<p>GARANT\u00cdA DE JOYER\u00cdA Su creaci\u00f3n de joyer\u00eda merece nuestra m\u00e1xima atenci\u00f3n. Al confiarla a EWA joyer\u00eda, preservar\u00e1 su brillo y durabilidad. La siguiente pol\u00edtica de garant\u00eda se aplica para todos los productos ofertados, productos reparados y\/o reproducidos por EWA joyer\u00eda. Inicialmente, la garant\u00eda de por vida cubre los materiales y piedras preciosas utilizadas en el [&hellip;]<\/p>\n","protected":false},"author":1,"featured_media":0,"parent":0,"menu_order":0,"comment_status":"closed","ping_status":"closed","template":"","meta":{"site-sidebar-layout":"no-sidebar","site-content-layout":"page-builder","ast-site-content-layout":"default","site-content-style":"default","site-sidebar-style":"default","ast-global-header-display":"","ast-banner-title-visibility":"","ast-main-header-display":"","ast-hfb-above-header-display":"","ast-hfb-below-header-display":"","ast-hfb-mobile-header-display":"","site-post-title":"disabled","ast-breadcrumbs-content":"","ast-featured-img":"disabled","footer-sml-layout":"","theme-transparent-header-meta":"","adv-header-id-meta":"","stick-header-meta":"","header-above-stick-meta":"","header-main-stick-meta":"","header-below-stick-meta":"","astra-migrate-meta-layouts":"default","ast-page-background-enabled":"default","ast-page-background-meta":{"desktop":{"background-color":"var(--ast-global-color-4)","background-image":"","background-repeat":"repeat","background-position":"center center","background-size":"auto","background-attachment":"scroll","background-type":"","background-media":"","overlay-type":"","overlay-color":"","overlay-opacity":"","overlay-gradient":""},"tablet":{"background-color":"","background-image":"","background-repeat":"repeat","background-position":"center center","background-size":"auto","background-attachment":"scroll","background-type":"","background-media":"","overlay-type":"","overlay-color":"","overlay-opacity":"","overlay-gradient":""},"mobile":{"background-color":"","background-image":"","background-repeat":"repeat","background-position":"center center","background-size":"auto","background-attachment":"scroll","background-type":"","background-media":"","overlay-type":"","overlay-color":"","overlay-opacity":"","overlay-gradient":""}},"ast-content-background-meta":{"desktop":{"background-color":"var(--ast-global-color-5)","background-image":"","background-repeat":"repeat","background-position":"center center","background-size":"auto","background-attachment":"scroll","background-type":"","background-media":"","overlay-type":"","overlay-color":"","overlay-opacity":"","overlay-gradient":""},"tablet":{"background-color":"var(--ast-global-color-5)","background-image":"","background-repeat":"repeat","background-position":"center center","background-size":"auto","background-attachment":"scroll","background-type":"","background-media":"","overlay-type":"","overlay-color":"","overlay-opacity":"","overlay-gradient":""},"mobile":{"background-color":"var(--ast-global-color-5)","background-image":"","background-repeat":"repeat","background-position":"center center","background-size":"auto","background-attachment":"scroll","background-type":"","background-media":"","overlay-type":"","overlay-color":"","overlay-opacity":"","overlay-gradient":""}},"footnotes":""},"class_list":["post-5488","page","type-page","status-publish","hentry"],"aioseo_notices":[],"_links":{"self":[{"href":"https:\/\/ewajoyeria.com\/index.php\/wp-json\/wp\/v2\/pages\/5488","targetHints":{"allow":["GET"]}}],"collection":[{"href":"https:\/\/ewajoyeria.com\/index.php\/wp-json\/wp\/v2\/pages"}],"about":[{"href":"https:\/\/ewajoyeria.com\/index.php\/wp-json\/wp\/v2\/types\/page"}],"author":[{"embeddable":true,"href":"https:\/\/ewajoyeria.com\/index.php\/wp-json\/wp\/v2\/users\/1"}],"replies":[{"embeddable":true,"href":"https:\/\/ewajoyeria.com\/index.php\/wp-json\/wp\/v2\/comments?post=5488"}],"version-history":[{"count":16,"href":"https:\/\/ewajoyeria.com\/index.php\/wp-json\/wp\/v2\/pages\/5488\/revisions"}],"predecessor-version":[{"id":5839,"href":"https:\/\/ewajoyeria.com\/index.php\/wp-json\/wp\/v2\/pages\/5488\/revisions\/5839"}],"wp:attachment":[{"href":"https:\/\/ewajoyeria.com\/index.php\/wp-json\/wp\/v2\/media?parent=5488"}],"curies":[{"name":"wp","href":"https:\/\/api.w.org\/{rel}","templated":true}]}}