{"id":5440,"date":"2025-04-17T17:53:03","date_gmt":"2025-04-17T17:53:03","guid":{"rendered":"https:\/\/ewajoyeria.com\/?page_id=5440"},"modified":"2025-04-18T05:52:51","modified_gmt":"2025-04-18T05:52:51","slug":"mantenimiento-ajuste-y-reparaciones-de-joyeria","status":"publish","type":"page","link":"https:\/\/ewajoyeria.com\/index.php\/mantenimiento-ajuste-y-reparaciones-de-joyeria\/","title":{"rendered":"Mantenimiento, ajuste y reparaciones de joyer\u00eda"},"content":{"rendered":"\t\t<div data-elementor-type=\"wp-page\" data-elementor-id=\"5440\" class=\"elementor elementor-5440\" data-elementor-post-type=\"page\">\n\t\t\t\t\t\t<section class=\"elementor-section elementor-top-section elementor-element elementor-element-16ca9a25 elementor-section-content-middle elementor-section-boxed elementor-section-height-default elementor-section-height-default\" data-id=\"16ca9a25\" data-element_type=\"section\">\n\t\t\t\t\t\t<div class=\"elementor-container elementor-column-gap-no\">\n\t\t\t\t\t<div class=\"elementor-column elementor-col-100 elementor-top-column elementor-element elementor-element-553767e5\" data-id=\"553767e5\" data-element_type=\"column\">\n\t\t\t<div class=\"elementor-widget-wrap elementor-element-populated\">\n\t\t\t\t\t\t<div class=\"elementor-element elementor-element-2e5d11ac elementor-widget elementor-widget-image\" data-id=\"2e5d11ac\" data-element_type=\"widget\" data-widget_type=\"image.default\">\n\t\t\t\t<div class=\"elementor-widget-container\">\n\t\t\t\t\t\t\t\t\t\t\t\t\t\t\t<img fetchpriority=\"high\" decoding=\"async\" width=\"490\" height=\"380\" src=\"https:\/\/ewajoyeria.com\/wp-content\/uploads\/2025\/01\/Anillos-a-medida-EWA-joyeria.png\" class=\"attachment-full size-full wp-image-5046\" alt=\"Anillos a medida EWA joyeria\" srcset=\"https:\/\/ewajoyeria.com\/wp-content\/uploads\/2025\/01\/Anillos-a-medida-EWA-joyeria.png 490w, https:\/\/ewajoyeria.com\/wp-content\/uploads\/2025\/01\/Anillos-a-medida-EWA-joyeria-300x233.png 300w\" sizes=\"(max-width: 490px) 100vw, 490px\" \/>\t\t\t\t\t\t\t\t\t\t\t\t\t\t\t<\/div>\n\t\t\t\t<\/div>\n\t\t\t\t<div class=\"elementor-element elementor-element-705f1526 elementor-widget elementor-widget-heading\" data-id=\"705f1526\" data-element_type=\"widget\" data-widget_type=\"heading.default\">\n\t\t\t\t<div class=\"elementor-widget-container\">\n\t\t\t\t\t<h1 class=\"elementor-heading-title elementor-size-default\">MANTENIMIENTO, AJUSTE Y REPARACIONES DE JOYER\u00cdA<\/h1>\t\t\t\t<\/div>\n\t\t\t\t<\/div>\n\t\t\t\t<div class=\"elementor-element elementor-element-3be99f2 elementor-widget elementor-widget-heading\" data-id=\"3be99f2\" data-element_type=\"widget\" data-widget_type=\"heading.default\">\n\t\t\t\t<div class=\"elementor-widget-container\">\n\t\t\t\t\t<p class=\"elementor-heading-title elementor-size-default\">Su creaci\u00f3n de joyer\u00eda merece nuestra m\u00e1xima atenci\u00f3n. Al confiarla a EWA joyer\u00eda, preservar\u00e1 su brillo y durabilidad.<\/p>\t\t\t\t<\/div>\n\t\t\t\t<\/div>\n\t\t\t\t<section class=\"elementor-section elementor-inner-section elementor-element elementor-element-5ffccc6e elementor-section-boxed elementor-section-height-default elementor-section-height-default\" data-id=\"5ffccc6e\" data-element_type=\"section\">\n\t\t\t\t\t\t<div class=\"elementor-container elementor-column-gap-default\">\n\t\t\t\t\t<div class=\"elementor-column elementor-col-100 elementor-inner-column elementor-element elementor-element-4b257ea2\" data-id=\"4b257ea2\" data-element_type=\"column\">\n\t\t\t<div class=\"elementor-widget-wrap elementor-element-populated\">\n\t\t\t\t\t\t<div class=\"elementor-element elementor-element-74b3cb46 elementor-widget elementor-widget-text-editor\" data-id=\"74b3cb46\" data-element_type=\"widget\" data-widget_type=\"text-editor.default\">\n\t\t\t\t<div class=\"elementor-widget-container\">\n\t\t\t\t\t\t\t\t\t<p>EWA joyer\u00eda ofrece una variaci\u00f3n de servicios para conservar, recuperar y dar mantenimiento a sus piezas de joyer\u00eda. Recuerde que el servicio de mantenimiento recibe un descuento adicional al comprar una pieza de nuestra marca.<\/p>\t\t\t\t\t\t\t\t<\/div>\n\t\t\t\t<\/div>\n\t\t\t\t\t<\/div>\n\t\t<\/div>\n\t\t\t\t\t<\/div>\n\t\t<\/section>\n\t\t\t\t\t<\/div>\n\t\t<\/div>\n\t\t\t\t\t<\/div>\n\t\t<\/section>\n\t\t\t\t<section class=\"elementor-section elementor-top-section elementor-element elementor-element-6df184f elementor-section-boxed elementor-section-height-default elementor-section-height-default\" data-id=\"6df184f\" data-element_type=\"section\">\n\t\t\t\t\t\t<div class=\"elementor-container elementor-column-gap-default\">\n\t\t\t\t\t<div class=\"elementor-column elementor-col-50 elementor-top-column elementor-element elementor-element-22b23f9\" data-id=\"22b23f9\" data-element_type=\"column\">\n\t\t\t<div class=\"elementor-widget-wrap elementor-element-populated\">\n\t\t\t\t\t\t<div class=\"elementor-element elementor-element-deac32a elementor-widget elementor-widget-text-editor\" data-id=\"deac32a\" data-element_type=\"widget\" data-widget_type=\"text-editor.default\">\n\t\t\t\t<div class=\"elementor-widget-container\">\n\t\t\t\t\t\t\t\t\t<p>Seleccione el servicio que desea consultar<\/p>\t\t\t\t\t\t\t\t<\/div>\n\t\t\t\t<\/div>\n\t\t\t\t\t<\/div>\n\t\t<\/div>\n\t\t\t\t<div class=\"elementor-column elementor-col-50 elementor-top-column elementor-element elementor-element-3f31b74f\" data-id=\"3f31b74f\" data-element_type=\"column\">\n\t\t\t<div class=\"elementor-widget-wrap elementor-element-populated\">\n\t\t\t\t\t\t<div class=\"elementor-element elementor-element-173002c2 elementor-widget elementor-widget-toggle\" data-id=\"173002c2\" data-element_type=\"widget\" data-widget_type=\"toggle.default\">\n\t\t\t\t<div class=\"elementor-widget-container\">\n\t\t\t\t\t\t\t<div class=\"elementor-toggle\">\n\t\t\t\t\t\t\t<div class=\"elementor-toggle-item\">\n\t\t\t\t\t<div id=\"elementor-tab-title-3891\" class=\"elementor-tab-title\" data-tab=\"1\" role=\"button\" aria-controls=\"elementor-tab-content-3891\" aria-expanded=\"false\">\n\t\t\t\t\t\t\t\t\t\t\t\t<span class=\"elementor-toggle-icon elementor-toggle-icon-right\" aria-hidden=\"true\">\n\t\t\t\t\t\t\t\t\t\t\t\t\t\t\t<span class=\"elementor-toggle-icon-closed\"><i class=\"fas fa-caret-right\"><\/i><\/span>\n\t\t\t\t\t\t\t\t<span class=\"elementor-toggle-icon-opened\"><i class=\"elementor-toggle-icon-opened fas fa-caret-up\"><\/i><\/span>\n\t\t\t\t\t\t\t\t\t\t\t\t\t<\/span>\n\t\t\t\t\t\t\t\t\t\t\t\t<a class=\"elementor-toggle-title\" tabindex=\"0\">MANTENIMIENTO<\/a>\n\t\t\t\t\t<\/div>\n\n\t\t\t\t\t<div id=\"elementor-tab-content-3891\" class=\"elementor-tab-content elementor-clearfix\" data-tab=\"1\" role=\"region\" aria-labelledby=\"elementor-tab-title-3891\"><p>SERVICIOS LISTADOS PARA MANTENER Y PERSONALIZAR SUS PIEZAS.<\/p><p>Todos estos servicios se realizan en nuestro taller presencial en Bogot\u00e1.<br \/>Para m\u00e1s informaci\u00f3n, comun\u00edquese a nuestro tel\u00e9fono 3105458202.<\/p><h3>Servicio de abrillantado<\/h3><p>Para joyas que han perdido su brillo o presentan abrasiones en la superficie, este servicio restaurar\u00e1 el brillo original de su creaci\u00f3n y eliminar\u00e1 los ara\u00f1azos superficiales. Este servicio incluye diagn\u00f3stico, pulido, limpieza, revisi\u00f3n t\u00e9cnica y revisi\u00f3n est\u00e9tica de su creaci\u00f3n.<\/p><p>Nota: Servicio de abrillantado gratis para piezas de EWA joyer\u00eda, costo adicional para otros productos.<\/p><h4>Acabado con rodio<\/h4><p>El oro blanco y el platino pueden rodiarse para realzar la blancura y el brillo de la creaci\u00f3n. Antes del pulido, se elimina cualquier capa de rodio restante. Tras el pulido, la creaci\u00f3n se sumerge en un ba\u00f1o de rodio. Tenga en cuenta que este servicio est\u00e1 disponible exclusivamente para creaciones seleccionadas de oro blanco con diamantes u otras creaciones que originalmente contaban con ba\u00f1o de rodio.<\/p><h3>Servicio de grabado<\/h3><p>Personalice su pieza de joyer\u00eda grabando un nombre, una frase, una fecha, un s\u00edmbolo o un dise\u00f1o. Estos grabados, disponibles en varios idiomas, est\u00e1n sujetos a las limitaciones t\u00e9cnicas de su creaci\u00f3n y al espacio disponible.<\/p><p>Nota: Servicio de grabado gratuito y opcional para piezas de EWA joyer\u00eda. Costo adicional para otros productos.<\/p><\/div>\n\t\t\t\t<\/div>\n\t\t\t\t\t\t\t<div class=\"elementor-toggle-item\">\n\t\t\t\t\t<div id=\"elementor-tab-title-3892\" class=\"elementor-tab-title\" data-tab=\"2\" role=\"button\" aria-controls=\"elementor-tab-content-3892\" aria-expanded=\"false\">\n\t\t\t\t\t\t\t\t\t\t\t\t<span class=\"elementor-toggle-icon elementor-toggle-icon-right\" aria-hidden=\"true\">\n\t\t\t\t\t\t\t\t\t\t\t\t\t\t\t<span class=\"elementor-toggle-icon-closed\"><i class=\"fas fa-caret-right\"><\/i><\/span>\n\t\t\t\t\t\t\t\t<span class=\"elementor-toggle-icon-opened\"><i class=\"elementor-toggle-icon-opened fas fa-caret-up\"><\/i><\/span>\n\t\t\t\t\t\t\t\t\t\t\t\t\t<\/span>\n\t\t\t\t\t\t\t\t\t\t\t\t<a class=\"elementor-toggle-title\" tabindex=\"0\">AJUSTE<\/a>\n\t\t\t\t\t<\/div>\n\n\t\t\t\t\t<div id=\"elementor-tab-content-3892\" class=\"elementor-tab-content elementor-clearfix\" data-tab=\"2\" role=\"region\" aria-labelledby=\"elementor-tab-title-3892\"><p>El servicio de ajuste de EWA joyer\u00eda le permiten ajustar la talla de su anillo, pulsera o collar, o reemplazar el cierre de sus pendientes sin alterar la est\u00e9tica ni la forma original de la pieza.<\/p><p>El servicio incluye:<\/p><p>Diagn\u00f3stico: Examinaci\u00f3n e identificaci\u00f3n del reajuste necesario. El joyero se comunicar\u00e1 con usted y describir\u00e1 detalladamente la tarea necesaria.<br \/>Reajuste de talla: Se utilizar\u00e1 el m\u00e9todo m\u00e1s adecuado para ajustar la talla de su creaci\u00f3n seg\u00fan su forma.<br \/>Pulido: EWA joyer\u00eda sigue una serie de pasos para lograr un resultado final que cumpla con los requisitos de para un acabado de espejo.<br \/>Limpieza: Si su joya lo permite, se sumergir\u00e1 en un tanque ultras\u00f3nico.<\/p><h3>Reajuste de anillo\u00a0<\/h3><p>El tama\u00f1o de su anillo puede reducirse o ampliarse seg\u00fan consideraci\u00f3n y seg\u00fan viabilidad t\u00e9cnica, preservando el estilo original.<\/p><p>Para ajustar la talla de un anillo a m\u00e1s de dos tallas, es posible que se requiera nuestro servicio de reproducci\u00f3n; encontrar\u00e1 m\u00e1s informaci\u00f3n sobre las reproducciones a continuaci\u00f3n.<\/p><h3>Reajuste de cadena<\/h3><p>El reajuste incluye la reducci\u00f3n o ampliaci\u00f3n de la longitud de la cadena hasta 2 cent\u00edmetros.\u00a0<\/p><p>Nota: El servicio de reajuste es gratuito la primera vez para piezas de EWA joyer\u00eda. Para posteriores reajustes incluye un costo adicional.\u00a0<\/p><p>Para otros productos, el servicio es adicional y tiene un costo.\u00a0<\/p><h3>Reajuste de pulsera<\/h3><p>El reajuste incluye la reducci\u00f3n o ampliaci\u00f3n de la longitud de la pulsera hasta 2 cent\u00edmetros.\u00a0<\/p><p>Nota: El servicio de reajuste es gratuito la primera vez para piezas de EWA joyer\u00eda. Para posteriores reajustes incluye un costo adicional.\u00a0<\/p><p>Para otros productos, el servicio es adicional y tiene un costo.\u00a0<\/p><\/div>\n\t\t\t\t<\/div>\n\t\t\t\t\t\t\t<div class=\"elementor-toggle-item\">\n\t\t\t\t\t<div id=\"elementor-tab-title-3893\" class=\"elementor-tab-title\" data-tab=\"3\" role=\"button\" aria-controls=\"elementor-tab-content-3893\" aria-expanded=\"false\">\n\t\t\t\t\t\t\t\t\t\t\t\t<span class=\"elementor-toggle-icon elementor-toggle-icon-right\" aria-hidden=\"true\">\n\t\t\t\t\t\t\t\t\t\t\t\t\t\t\t<span class=\"elementor-toggle-icon-closed\"><i class=\"fas fa-caret-right\"><\/i><\/span>\n\t\t\t\t\t\t\t\t<span class=\"elementor-toggle-icon-opened\"><i class=\"elementor-toggle-icon-opened fas fa-caret-up\"><\/i><\/span>\n\t\t\t\t\t\t\t\t\t\t\t\t\t<\/span>\n\t\t\t\t\t\t\t\t\t\t\t\t<a class=\"elementor-toggle-title\" tabindex=\"0\">REPARACI\u00d3N Y REPRODUCCI\u00d3N<\/a>\n\t\t\t\t\t<\/div>\n\n\t\t\t\t\t<div id=\"elementor-tab-content-3893\" class=\"elementor-tab-content elementor-clearfix\" data-tab=\"3\" role=\"region\" aria-labelledby=\"elementor-tab-title-3893\"><p>La restauraci\u00f3n o reproducci\u00f3n se produce cuando una pieza est\u00e1 muy da\u00f1ada y no es posible repararla.<\/p><p>Se realizar\u00e1 un diagn\u00f3stico de la restauraci\u00f3n para determinar si es posible restaurar la pieza. Si no es posible, la pieza puede ser reproducida.<\/p><h3>Servicio de engaste<\/h3><p>En ocasiones poco comunes, algunas piezas pueden perder piedras engastadas por ca\u00eddas, golpes. Este servicio incluye un diagn\u00f3stico y reparaci\u00f3n de la pieza, volviendo a engastar los diamantes o piedras preciosas perdidas.<\/p><p>Nota: Para productos EWA joyer\u00eda, el servicio de engaste incluye un descuento.<\/p><p>Para otros productos, incluye un costo adicional.<\/p><h3>Emparejamiento<\/h3><p>Si su creaci\u00f3n posee dos piezas y una de ellas se ha perdido, el servicio de emparejamiento reproducir\u00e1 la pieza faltante.<\/p><h3>Reproducci\u00f3n<\/h3><p>Si su pieza est\u00e1 totalmente da\u00f1ada y no puede ser reparada o reajustada, se considerar\u00e1 la reproducci\u00f3n de la pieza.<\/p><p>Si la pieza es de EWA joyer\u00eda, el costo de reproducci\u00f3n tendr\u00e1 un descuento adicional.<\/p><\/div>\n\t\t\t\t<\/div>\n\t\t\t\t\t\t\t<div class=\"elementor-toggle-item\">\n\t\t\t\t\t<div id=\"elementor-tab-title-3894\" class=\"elementor-tab-title\" data-tab=\"4\" role=\"button\" aria-controls=\"elementor-tab-content-3894\" aria-expanded=\"false\">\n\t\t\t\t\t\t\t\t\t\t\t\t<span class=\"elementor-toggle-icon elementor-toggle-icon-right\" aria-hidden=\"true\">\n\t\t\t\t\t\t\t\t\t\t\t\t\t\t\t<span class=\"elementor-toggle-icon-closed\"><i class=\"fas fa-caret-right\"><\/i><\/span>\n\t\t\t\t\t\t\t\t<span class=\"elementor-toggle-icon-opened\"><i class=\"elementor-toggle-icon-opened fas fa-caret-up\"><\/i><\/span>\n\t\t\t\t\t\t\t\t\t\t\t\t\t<\/span>\n\t\t\t\t\t\t\t\t\t\t\t\t<a class=\"elementor-toggle-title\" tabindex=\"0\">GARANT\u00cdA<\/a>\n\t\t\t\t\t<\/div>\n\n\t\t\t\t\t<div id=\"elementor-tab-content-3894\" class=\"elementor-tab-content elementor-clearfix\" data-tab=\"4\" role=\"region\" aria-labelledby=\"elementor-tab-title-3894\"><p>EWA joyer\u00eda garantiza los materiales y piedras utilizadas de por vida.<\/p><p>Esto incluye descuentos especiales para todos los servicios de mantenimiento ajuste y reparaci\u00f3n (algunos gratuitos sujetos a consideraci\u00f3n).<\/p><p>Para consultar nuestra garant\u00eda en detalle, consulte:<\/p><p>GARANT\u00cdA DE EWA<\/p><\/div>\n\t\t\t\t<\/div>\n\t\t\t\t\t\t\t<div class=\"elementor-toggle-item\">\n\t\t\t\t\t<div id=\"elementor-tab-title-3895\" class=\"elementor-tab-title\" data-tab=\"5\" role=\"button\" aria-controls=\"elementor-tab-content-3895\" aria-expanded=\"false\">\n\t\t\t\t\t\t\t\t\t\t\t\t<span class=\"elementor-toggle-icon elementor-toggle-icon-right\" aria-hidden=\"true\">\n\t\t\t\t\t\t\t\t\t\t\t\t\t\t\t<span class=\"elementor-toggle-icon-closed\"><i class=\"fas fa-caret-right\"><\/i><\/span>\n\t\t\t\t\t\t\t\t<span class=\"elementor-toggle-icon-opened\"><i class=\"elementor-toggle-icon-opened fas fa-caret-up\"><\/i><\/span>\n\t\t\t\t\t\t\t\t\t\t\t\t\t<\/span>\n\t\t\t\t\t\t\t\t\t\t\t\t<a class=\"elementor-toggle-title\" tabindex=\"0\">GU\u00cdA DE TALLAS<\/a>\n\t\t\t\t\t<\/div>\n\n\t\t\t\t\t<div id=\"elementor-tab-content-3895\" class=\"elementor-tab-content elementor-clearfix\" data-tab=\"5\" role=\"region\" aria-labelledby=\"elementor-tab-title-3895\"><p>\u00bfNo sabe la medida de su anillo?, con su celular de clic en este link y siga est\u00e1 gu\u00eda (en ingl\u00e9s)\u00a0<a href=\"https:\/\/ringsizer.moonmagic.com\/\">https:\/\/ringsizer.moonmagic.com\/\u00a0<\/a><\/p><\/div>\n\t\t\t\t<\/div>\n\t\t\t\t\t\t\t\t<\/div>\n\t\t\t\t\t\t<\/div>\n\t\t\t\t<\/div>\n\t\t\t\t\t<\/div>\n\t\t<\/div>\n\t\t\t\t\t<\/div>\n\t\t<\/section>\n\t\t\t\t<section class=\"elementor-section elementor-top-section elementor-element elementor-element-4931624f elementor-section-content-middle elementor-section-boxed elementor-section-height-default elementor-section-height-default\" data-id=\"4931624f\" data-element_type=\"section\">\n\t\t\t\t\t\t<div class=\"elementor-container elementor-column-gap-no\">\n\t\t\t\t\t<div class=\"elementor-column elementor-col-50 elementor-top-column elementor-element elementor-element-a051388\" data-id=\"a051388\" data-element_type=\"column\">\n\t\t\t<div class=\"elementor-widget-wrap elementor-element-populated\">\n\t\t\t\t\t\t<div class=\"elementor-element elementor-element-f6e9618 elementor-widget elementor-widget-heading\" data-id=\"f6e9618\" data-element_type=\"widget\" data-widget_type=\"heading.default\">\n\t\t\t\t<div class=\"elementor-widget-container\">\n\t\t\t\t\t<h2 class=\"elementor-heading-title elementor-size-default\">TIENE ALGUNA PREGUNTA ADICIONAL?<\/h2>\t\t\t\t<\/div>\n\t\t\t\t<\/div>\n\t\t\t\t<div class=\"elementor-element elementor-element-c5db375 elementor-widget elementor-widget-heading\" data-id=\"c5db375\" data-element_type=\"widget\" data-widget_type=\"heading.default\">\n\t\t\t\t<div class=\"elementor-widget-container\">\n\t\t\t\t\t<h3 class=\"elementor-heading-title elementor-size-default\"><a href=\"https:\/\/ewajoyeria.com\/index.php\/preguntas-frecuentes\/\">Consulte nuestra secci\u00f3n de preguntas frecuentes<\/a><\/h3>\t\t\t\t<\/div>\n\t\t\t\t<\/div>\n\t\t\t\t\t<\/div>\n\t\t<\/div>\n\t\t\t\t<div class=\"elementor-column elementor-col-50 elementor-top-column elementor-element elementor-element-0975486\" data-id=\"0975486\" data-element_type=\"column\">\n\t\t\t<div class=\"elementor-widget-wrap elementor-element-populated\">\n\t\t\t\t\t\t<div class=\"elementor-element elementor-element-126ac77 elementor-widget elementor-widget-heading\" data-id=\"126ac77\" data-element_type=\"widget\" data-widget_type=\"heading.default\">\n\t\t\t\t<div class=\"elementor-widget-container\">\n\t\t\t\t\t<h2 class=\"elementor-heading-title elementor-size-default\">ASISTENCIA<\/h2>\t\t\t\t<\/div>\n\t\t\t\t<\/div>\n\t\t\t\t<div class=\"elementor-element elementor-element-282f932 elementor-widget elementor-widget-heading\" data-id=\"282f932\" data-element_type=\"widget\" data-widget_type=\"heading.default\">\n\t\t\t\t<div class=\"elementor-widget-container\">\n\t\t\t\t\t<h3 class=\"elementor-heading-title elementor-size-default\"><a href=\"https:\/\/ewajoyeria.com\/index.php\/a-medida\/\">JOYAS A MEDIDA<\/a><\/h3>\t\t\t\t<\/div>\n\t\t\t\t<\/div>\n\t\t\t\t<div class=\"elementor-element elementor-element-c457211 elementor-widget elementor-widget-heading\" data-id=\"c457211\" data-element_type=\"widget\" data-widget_type=\"heading.default\">\n\t\t\t\t<div class=\"elementor-widget-container\">\n\t\t\t\t\t<h3 class=\"elementor-heading-title elementor-size-default\"><a href=\"https:\/\/ewajoyeria.com\/index.php\/contacto\/\">CONT\u00c1CTENOS<\/a><\/h3>\t\t\t\t<\/div>\n\t\t\t\t<\/div>\n\t\t\t\t\t<\/div>\n\t\t<\/div>\n\t\t\t\t\t<\/div>\n\t\t<\/section>\n\t\t\t\t<\/div>\n\t\t","protected":false},"excerpt":{"rendered":"<p>MANTENIMIENTO, AJUSTE Y REPARACIONES DE JOYER\u00cdA Su creaci\u00f3n de joyer\u00eda merece nuestra m\u00e1xima atenci\u00f3n. Al confiarla a EWA joyer\u00eda, preservar\u00e1 su brillo y durabilidad. EWA joyer\u00eda ofrece una variaci\u00f3n de servicios para conservar, recuperar y dar mantenimiento a sus piezas de joyer\u00eda. Recuerde que el servicio de mantenimiento recibe un descuento adicional al comprar una [&hellip;]<\/p>\n","protected":false},"author":1,"featured_media":0,"parent":0,"menu_order":0,"comment_status":"closed","ping_status":"closed","template":"","meta":{"site-sidebar-layout":"no-sidebar","site-content-layout":"page-builder","ast-site-content-layout":"default","site-content-style":"default","site-sidebar-style":"default","ast-global-header-display":"","ast-banner-title-visibility":"","ast-main-header-display":"","ast-hfb-above-header-display":"","ast-hfb-below-header-display":"","ast-hfb-mobile-header-display":"","site-post-title":"disabled","ast-breadcrumbs-content":"","ast-featured-img":"disabled","footer-sml-layout":"","theme-transparent-header-meta":"","adv-header-id-meta":"","stick-header-meta":"","header-above-stick-meta":"","header-main-stick-meta":"","header-below-stick-meta":"","astra-migrate-meta-layouts":"default","ast-page-background-enabled":"default","ast-page-background-meta":{"desktop":{"background-color":"var(--ast-global-color-4)","background-image":"","background-repeat":"repeat","background-position":"center center","background-size":"auto","background-attachment":"scroll","background-type":"","background-media":"","overlay-type":"","overlay-color":"","overlay-opacity":"","overlay-gradient":""},"tablet":{"background-color":"","background-image":"","background-repeat":"repeat","background-position":"center center","background-size":"auto","background-attachment":"scroll","background-type":"","background-media":"","overlay-type":"","overlay-color":"","overlay-opacity":"","overlay-gradient":""},"mobile":{"background-color":"","background-image":"","background-repeat":"repeat","background-position":"center center","background-size":"auto","background-attachment":"scroll","background-type":"","background-media":"","overlay-type":"","overlay-color":"","overlay-opacity":"","overlay-gradient":""}},"ast-content-background-meta":{"desktop":{"background-color":"var(--ast-global-color-5)","background-image":"","background-repeat":"repeat","background-position":"center center","background-size":"auto","background-attachment":"scroll","background-type":"","background-media":"","overlay-type":"","overlay-color":"","overlay-opacity":"","overlay-gradient":""},"tablet":{"background-color":"var(--ast-global-color-5)","background-image":"","background-repeat":"repeat","background-position":"center center","background-size":"auto","background-attachment":"scroll","background-type":"","background-media":"","overlay-type":"","overlay-color":"","overlay-opacity":"","overlay-gradient":""},"mobile":{"background-color":"var(--ast-global-color-5)","background-image":"","background-repeat":"repeat","background-position":"center center","background-size":"auto","background-attachment":"scroll","background-type":"","background-media":"","overlay-type":"","overlay-color":"","overlay-opacity":"","overlay-gradient":""}},"footnotes":""},"class_list":["post-5440","page","type-page","status-publish","hentry"],"aioseo_notices":[],"_links":{"self":[{"href":"https:\/\/ewajoyeria.com\/index.php\/wp-json\/wp\/v2\/pages\/5440","targetHints":{"allow":["GET"]}}],"collection":[{"href":"https:\/\/ewajoyeria.com\/index.php\/wp-json\/wp\/v2\/pages"}],"about":[{"href":"https:\/\/ewajoyeria.com\/index.php\/wp-json\/wp\/v2\/types\/page"}],"author":[{"embeddable":true,"href":"https:\/\/ewajoyeria.com\/index.php\/wp-json\/wp\/v2\/users\/1"}],"replies":[{"embeddable":true,"href":"https:\/\/ewajoyeria.com\/index.php\/wp-json\/wp\/v2\/comments?post=5440"}],"version-history":[{"count":28,"href":"https:\/\/ewajoyeria.com\/index.php\/wp-json\/wp\/v2\/pages\/5440\/revisions"}],"predecessor-version":[{"id":5507,"href":"https:\/\/ewajoyeria.com\/index.php\/wp-json\/wp\/v2\/pages\/5440\/revisions\/5507"}],"wp:attachment":[{"href":"https:\/\/ewajoyeria.com\/index.php\/wp-json\/wp\/v2\/media?parent=5440"}],"curies":[{"name":"wp","href":"https:\/\/api.w.org\/{rel}","templated":true}]}}