{"id":3010,"date":"2024-01-12T15:55:56","date_gmt":"2024-01-12T15:55:56","guid":{"rendered":"https:\/\/ewajoyeria.com\/?page_id=3010"},"modified":"2026-05-01T21:42:00","modified_gmt":"2026-05-01T21:42:00","slug":"diamantes-certificados","status":"publish","type":"page","link":"https:\/\/ewajoyeria.com\/index.php\/diamantes-certificados\/","title":{"rendered":"EWA joyer\u00eda iamantes certificados"},"content":{"rendered":"\t\t<div data-elementor-type=\"wp-page\" data-elementor-id=\"3010\" class=\"elementor elementor-3010\" data-elementor-post-type=\"page\">\n\t\t\t\t\t\t<section class=\"elementor-section elementor-top-section elementor-element elementor-element-29a469e elementor-section-content-middle elementor-section-boxed elementor-section-height-default elementor-section-height-default\" data-id=\"29a469e\" data-element_type=\"section\" data-e-type=\"section\">\n\t\t\t\t\t\t<div class=\"elementor-container elementor-column-gap-no\">\n\t\t\t\t\t<div class=\"elementor-column elementor-col-100 elementor-top-column elementor-element elementor-element-c888d17\" data-id=\"c888d17\" data-element_type=\"column\" data-e-type=\"column\">\n\t\t\t<div class=\"elementor-widget-wrap elementor-element-populated\">\n\t\t\t\t\t\t<div class=\"elementor-element elementor-element-e4cb6c0 elementor-widget elementor-widget-image\" data-id=\"e4cb6c0\" data-element_type=\"widget\" data-e-type=\"widget\" data-widget_type=\"image.default\">\n\t\t\t\t<div class=\"elementor-widget-container\">\n\t\t\t\t\t\t\t\t\t\t\t\t\t\t\t<img fetchpriority=\"high\" decoding=\"async\" width=\"1600\" height=\"1200\" src=\"https:\/\/ewajoyeria.com\/wp-content\/uploads\/2023\/07\/Aretes-trebol-en-oro-blanco-con-diamantes-ewa-joyeria-2.jpg\" class=\"attachment-full size-full wp-image-2171\" alt=\"Aretes trebol en oro blanco con diamantes ewa joyeria 2\" srcset=\"https:\/\/ewajoyeria.com\/wp-content\/uploads\/2023\/07\/Aretes-trebol-en-oro-blanco-con-diamantes-ewa-joyeria-2.jpg.webp 1600w, https:\/\/ewajoyeria.com\/wp-content\/uploads\/2023\/07\/Aretes-trebol-en-oro-blanco-con-diamantes-ewa-joyeria-2-300x225.jpg.webp 300w, https:\/\/ewajoyeria.com\/wp-content\/uploads\/2023\/07\/Aretes-trebol-en-oro-blanco-con-diamantes-ewa-joyeria-2-1024x768.jpg.webp 1024w, https:\/\/ewajoyeria.com\/wp-content\/uploads\/2023\/07\/Aretes-trebol-en-oro-blanco-con-diamantes-ewa-joyeria-2-768x576.jpg.webp 768w, https:\/\/ewajoyeria.com\/wp-content\/uploads\/2023\/07\/Aretes-trebol-en-oro-blanco-con-diamantes-ewa-joyeria-2-1536x1152.jpg.webp 1536w, https:\/\/ewajoyeria.com\/wp-content\/uploads\/2023\/07\/Aretes-trebol-en-oro-blanco-con-diamantes-ewa-joyeria-2-600x450.jpg.webp 600w\" sizes=\"(max-width: 1600px) 100vw, 1600px\" \/>\t\t\t\t\t\t\t\t\t\t\t\t\t\t\t<\/div>\n\t\t\t\t<\/div>\n\t\t\t\t<div class=\"elementor-element elementor-element-4c9f28c elementor-widget elementor-widget-heading\" data-id=\"4c9f28c\" data-element_type=\"widget\" data-e-type=\"widget\" data-widget_type=\"heading.default\">\n\t\t\t\t<div class=\"elementor-widget-container\">\n\t\t\t\t\t<h1 class=\"elementor-heading-title elementor-size-default\">DIAMANTES CERTIFICADOS EWA<\/h1>\t\t\t\t<\/div>\n\t\t\t\t<\/div>\n\t\t\t\t<div class=\"elementor-element elementor-element-ff5e6ea elementor-widget elementor-widget-heading\" data-id=\"ff5e6ea\" data-element_type=\"widget\" data-e-type=\"widget\" data-widget_type=\"heading.default\">\n\t\t\t\t<div class=\"elementor-widget-container\">\n\t\t\t\t\t<h2 class=\"elementor-heading-title elementor-size-default\">Conozca nuestros diamantes certificados. Color, claridad y quilates.<\/h2>\t\t\t\t<\/div>\n\t\t\t\t<\/div>\n\t\t\t\t\t<\/div>\n\t\t<\/div>\n\t\t\t\t\t<\/div>\n\t\t<\/section>\n\t\t\t\t<section class=\"elementor-section elementor-top-section elementor-element elementor-element-af6e6fc elementor-section-boxed elementor-section-height-default elementor-section-height-default\" data-id=\"af6e6fc\" data-element_type=\"section\" data-e-type=\"section\">\n\t\t\t\t\t\t<div class=\"elementor-container elementor-column-gap-no\">\n\t\t\t\t\t<div class=\"elementor-column elementor-col-50 elementor-top-column elementor-element elementor-element-b052fc3\" data-id=\"b052fc3\" data-element_type=\"column\" data-e-type=\"column\">\n\t\t\t<div class=\"elementor-widget-wrap elementor-element-populated\">\n\t\t\t\t\t\t<div class=\"elementor-element elementor-element-09e0c61 elementor-widget elementor-widget-text-editor\" data-id=\"09e0c61\" data-element_type=\"widget\" data-e-type=\"widget\" data-widget_type=\"text-editor.default\">\n\t\t\t\t<div class=\"elementor-widget-container\">\n\t\t\t\t\t\t\t\t\t<h3>DIAMANTES DE LABORATORIO<\/h3><p>EWA joyer\u00eda se renov\u00f3 por un futuro m\u00e1s \u00e9tico, garantizando que todos los productos de la marca cuenten con diamantes de laboratorio certificados.<\/p><p>Todos los diamantes de laboratorio ofrecidos por EWA joyer\u00eda var\u00edan en un rango de color D-I-H. La claridad del diamante normalmente es VS1 (por solicitud expl\u00edcita del cliente la calidad o color del diamante puede incrementar, pero garantizamos est\u00e1ndares m\u00ednimos de calidad para la fabricaci\u00f3n de alta joyer\u00eda).<\/p><p>La valoraci\u00f3n de la mayor\u00eda de diamantes de laboratorio de EWA joyer\u00eda se hacen en el Instituto Colombiano de Gemolog\u00eda (ICG por sus siglas al espa\u00f1ol). Cualquier pieza adquirida puede ser corroborada en el instituto si as\u00ed se desea.<\/p><p>Para m\u00e1s informaci\u00f3n puede consultar la <a href=\"https:\/\/ewajoyeria.com\/index.php\/2024\/04\/27\/guia-de-compra-de-diamantes-de-laboratorio-colombia\/\">secci\u00f3n dedicada.<\/a><\/p><h2>DIAMANTES NATURALES<\/h2><p>Todos los productos de EWA joyer\u00eda ofrecen la posibilidad de reemplazar los diamantes de laboratorio por diamantes naturales certificados. La solicitud debe ser expl\u00edcita del cliente, los precios de cada pieza var\u00edan seg\u00fan la cantidad de diamantes y preferencias adicionales. Garantizamos que la claridad y color con institutos de gemolog\u00eda certificados.<\/p><p>Hist\u00f3ricamente, la evaluaci\u00f3n de la mayor\u00eda de los diamantes gema se centraba en la ausencia de color. Hoy, La falta de color se expresa pr\u00e1cticamente en todo el mundo en un sistema de calificaci\u00f3n introducido por GIA (<span style=\"color: var(--ast-global-color-2); font-style: inherit; background-color: var(--ast-global-color-5);\">GIA: Gemological Institute Of America)<span style=\"font-size: small;\">\u00a0<\/span><\/span><span style=\"font-style: inherit; font-weight: inherit; color: var( --e-global-color-text ); background-color: var(--ast-global-color-5);\">m\u00e1s de 50 hace a\u00f1os que va desde D (incoloro) a Z (claro amarillo). Con la aceptaci\u00f3n de este sistema, el color y La calidad se ha convertido en un componente cr\u00edtico en la valoraci\u00f3n de los diamantes, lo que ha llevado a m\u00e1ximos hist\u00f3ricos en la cima.<\/span><\/p><p>EWA joyer\u00eda est\u00e1 comprometido con la calidad de sus productos y solo ofrece diamantes naturales en un rango de color que va desde la H-I, y en algunos casos, para sus piezas m\u00e1s exclusivas, utiliza diamantes clasificados en color D (m\u00e1xima calidad otorgada por GIA).<\/p><p>Para m\u00e1s informaci\u00f3n sobre Diamantes Naturales puede comunicarse directamente con nosotros, o agendar una cita <a href=\"https:\/\/ewajoyeria.com\/index.php\/agendar-una-cita\/\">AQU\u00cd<\/a>.<\/p>\t\t\t\t\t\t\t\t<\/div>\n\t\t\t\t<\/div>\n\t\t\t\t<div class=\"elementor-element elementor-element-7934d35 elementor-widget elementor-widget-image\" data-id=\"7934d35\" data-element_type=\"widget\" data-e-type=\"widget\" data-widget_type=\"image.default\">\n\t\t\t\t<div class=\"elementor-widget-container\">\n\t\t\t\t\t\t\t\t\t\t\t\t\t\t\t<img decoding=\"async\" width=\"1024\" height=\"512\" src=\"https:\/\/ewajoyeria.com\/wp-content\/uploads\/2024\/03\/color-de-diamantes-de-ewa-joyeria-1024x512.webp\" class=\"attachment-large size-large wp-image-4224\" alt=\"color de diamantes de ewa joyeria\" srcset=\"https:\/\/ewajoyeria.com\/wp-content\/uploads\/2024\/03\/color-de-diamantes-de-ewa-joyeria-1024x512.webp 1024w, https:\/\/ewajoyeria.com\/wp-content\/uploads\/2024\/03\/color-de-diamantes-de-ewa-joyeria-300x150.webp 300w, https:\/\/ewajoyeria.com\/wp-content\/uploads\/2024\/03\/color-de-diamantes-de-ewa-joyeria-768x384.webp 768w, https:\/\/ewajoyeria.com\/wp-content\/uploads\/2024\/03\/color-de-diamantes-de-ewa-joyeria-1536x768.webp 1536w, https:\/\/ewajoyeria.com\/wp-content\/uploads\/2024\/03\/color-de-diamantes-de-ewa-joyeria-2048x1024.webp 2048w, https:\/\/ewajoyeria.com\/wp-content\/uploads\/2024\/03\/color-de-diamantes-de-ewa-joyeria-1320x660.webp 1320w, https:\/\/ewajoyeria.com\/wp-content\/uploads\/2024\/03\/color-de-diamantes-de-ewa-joyeria-600x300.webp 600w\" sizes=\"(max-width: 1024px) 100vw, 1024px\" \/>\t\t\t\t\t\t\t\t\t\t\t\t\t\t\t<\/div>\n\t\t\t\t<\/div>\n\t\t\t\t<div class=\"elementor-element elementor-element-febdcfd elementor-widget elementor-widget-text-editor\" data-id=\"febdcfd\" data-element_type=\"widget\" data-e-type=\"widget\" data-widget_type=\"text-editor.default\">\n\t\t\t\t<div class=\"elementor-widget-container\">\n\t\t\t\t\t\t\t\t\t<h3>INFORMACI\u00d3N ADICIONAL<\/h3><p>Para consultar nuestras opciones de diamantes naturales puede contactarse con nosotros:<\/p><p>+57 3105458202<\/p><p>ewajoyeria1@gmail.com<\/p>\t\t\t\t\t\t\t\t<\/div>\n\t\t\t\t<\/div>\n\t\t\t\t\t<\/div>\n\t\t<\/div>\n\t\t\t\t<div class=\"elementor-column elementor-col-50 elementor-top-column elementor-element elementor-element-f134051\" data-id=\"f134051\" data-element_type=\"column\" data-e-type=\"column\">\n\t\t\t<div class=\"elementor-widget-wrap elementor-element-populated\">\n\t\t\t\t\t\t<div class=\"elementor-element elementor-element-9fb29b0 elementor-widget elementor-widget-heading\" data-id=\"9fb29b0\" data-element_type=\"widget\" data-e-type=\"widget\" data-widget_type=\"heading.default\">\n\t\t\t\t<div class=\"elementor-widget-container\">\n\t\t\t\t\t<h3 class=\"elementor-heading-title elementor-size-default\">de inter\u00e9s<\/h3>\t\t\t\t<\/div>\n\t\t\t\t<\/div>\n\t\t\t\t<div class=\"elementor-element elementor-element-2138409 elementor-grid-1 elementor-posts--thumbnail-left elementor-grid-tablet-1 elementor-posts--align-right elementor-grid-mobile-1 elementor-widget elementor-widget-posts\" data-id=\"2138409\" data-element_type=\"widget\" data-e-type=\"widget\" data-settings=\"{&quot;classic_row_gap&quot;:{&quot;unit&quot;:&quot;px&quot;,&quot;size&quot;:&quot;20&quot;,&quot;sizes&quot;:[]},&quot;classic_columns&quot;:&quot;1&quot;,&quot;classic_columns_tablet&quot;:&quot;1&quot;,&quot;classic_columns_mobile&quot;:&quot;1&quot;,&quot;classic_row_gap_tablet_extra&quot;:{&quot;unit&quot;:&quot;px&quot;,&quot;size&quot;:&quot;&quot;,&quot;sizes&quot;:[]},&quot;classic_row_gap_tablet&quot;:{&quot;unit&quot;:&quot;px&quot;,&quot;size&quot;:&quot;&quot;,&quot;sizes&quot;:[]},&quot;classic_row_gap_mobile&quot;:{&quot;unit&quot;:&quot;px&quot;,&quot;size&quot;:&quot;&quot;,&quot;sizes&quot;:[]}}\" data-widget_type=\"posts.classic\">\n\t\t\t\t<div class=\"elementor-widget-container\">\n\t\t\t\t\t\t\t<div class=\"elementor-posts-container elementor-posts elementor-posts--skin-classic elementor-grid\">\n\t\t\t\t<article class=\"elementor-post elementor-grid-item post-17750 post type-post status-publish format-standard has-post-thumbnail hentry category-sin-categoria\">\n\t\t\t\t<a class=\"elementor-post__thumbnail__link\" href=\"https:\/\/ewajoyeria.com\/index.php\/2026\/05\/01\/oro-responsable-ewa-joyeria\/\" tabindex=\"-1\" >\n\t\t\t<div class=\"elementor-post__thumbnail\"><img decoding=\"async\" width=\"300\" height=\"240\" src=\"https:\/\/ewajoyeria.com\/wp-content\/uploads\/2026\/04\/Anillo-en-oro-amarillo-con-diamantes-estilo-en-V-EWA-joyeria-3-1-300x240.webp\" class=\"attachment-medium size-medium wp-image-11764\" alt=\"Anillo-en-oro-amarillo-con-diamantes-estilo-en-V-EWA-joyeria-3-1.webp\" srcset=\"https:\/\/ewajoyeria.com\/wp-content\/uploads\/2026\/04\/Anillo-en-oro-amarillo-con-diamantes-estilo-en-V-EWA-joyeria-3-1-300x240.webp 300w, https:\/\/ewajoyeria.com\/wp-content\/uploads\/2026\/04\/Anillo-en-oro-amarillo-con-diamantes-estilo-en-V-EWA-joyeria-3-1-1024x819.webp 1024w, https:\/\/ewajoyeria.com\/wp-content\/uploads\/2026\/04\/Anillo-en-oro-amarillo-con-diamantes-estilo-en-V-EWA-joyeria-3-1-768x614.webp 768w, https:\/\/ewajoyeria.com\/wp-content\/uploads\/2026\/04\/Anillo-en-oro-amarillo-con-diamantes-estilo-en-V-EWA-joyeria-3-1-1536x1229.webp 1536w, https:\/\/ewajoyeria.com\/wp-content\/uploads\/2026\/04\/Anillo-en-oro-amarillo-con-diamantes-estilo-en-V-EWA-joyeria-3-1-1320x1056.webp 1320w, https:\/\/ewajoyeria.com\/wp-content\/uploads\/2026\/04\/Anillo-en-oro-amarillo-con-diamantes-estilo-en-V-EWA-joyeria-3-1-600x480.webp 600w, https:\/\/ewajoyeria.com\/wp-content\/uploads\/2026\/04\/Anillo-en-oro-amarillo-con-diamantes-estilo-en-V-EWA-joyeria-3-1.webp 1600w\" sizes=\"(max-width: 300px) 100vw, 300px\" \/><\/div>\n\t\t<\/a>\n\t\t\t\t<div class=\"elementor-post__text\">\n\t\t\t\t<h4 class=\"elementor-post__title\">\n\t\t\t<a href=\"https:\/\/ewajoyeria.com\/index.php\/2026\/05\/01\/oro-responsable-ewa-joyeria\/\" >\n\t\t\t\tOro responsable EWA joyer\u00eda\t\t\t<\/a>\n\t\t<\/h4>\n\t\t\t\t<div class=\"elementor-post__excerpt\">\n\t\t\t<p>Nuestra pol\u00edtica de oro responsable de la m\u00e1s alta calidad,<\/p>\n\t\t<\/div>\n\t\t\t\t<\/div>\n\t\t\t\t<\/article>\n\t\t\t\t<article class=\"elementor-post elementor-grid-item post-6657 post type-post status-publish format-standard has-post-thumbnail hentry category-sin-categoria\">\n\t\t\t\t<a class=\"elementor-post__thumbnail__link\" href=\"https:\/\/ewajoyeria.com\/index.php\/2026\/04\/17\/actualizacion-de-precios-diamantes-de-laboratorio-ewa-joyeria\/\" tabindex=\"-1\" >\n\t\t\t<div class=\"elementor-post__thumbnail\"><img loading=\"lazy\" decoding=\"async\" width=\"300\" height=\"240\" src=\"https:\/\/ewajoyeria.com\/wp-content\/uploads\/2025\/12\/anillo-de-compromiso-en-oro-blanco-de-18-quilates-con-diamantes-estilo-MARQUESA-2-5-300x240.webp\" class=\"attachment-medium size-medium wp-image-6431\" alt=\"EWA anillo de compromiso en oro blanco de 18 quilates con diamantes estilo MARQUESA 2 5\" srcset=\"https:\/\/ewajoyeria.com\/wp-content\/uploads\/2025\/12\/anillo-de-compromiso-en-oro-blanco-de-18-quilates-con-diamantes-estilo-MARQUESA-2-5-300x240.webp 300w, https:\/\/ewajoyeria.com\/wp-content\/uploads\/2025\/12\/anillo-de-compromiso-en-oro-blanco-de-18-quilates-con-diamantes-estilo-MARQUESA-2-5-1024x819.webp 1024w, https:\/\/ewajoyeria.com\/wp-content\/uploads\/2025\/12\/anillo-de-compromiso-en-oro-blanco-de-18-quilates-con-diamantes-estilo-MARQUESA-2-5-768x614.webp 768w, https:\/\/ewajoyeria.com\/wp-content\/uploads\/2025\/12\/anillo-de-compromiso-en-oro-blanco-de-18-quilates-con-diamantes-estilo-MARQUESA-2-5-600x480.webp 600w, https:\/\/ewajoyeria.com\/wp-content\/uploads\/2025\/12\/anillo-de-compromiso-en-oro-blanco-de-18-quilates-con-diamantes-estilo-MARQUESA-2-5.webp 1280w\" sizes=\"(max-width: 300px) 100vw, 300px\" \/><\/div>\n\t\t<\/a>\n\t\t\t\t<div class=\"elementor-post__text\">\n\t\t\t\t<h4 class=\"elementor-post__title\">\n\t\t\t<a href=\"https:\/\/ewajoyeria.com\/index.php\/2026\/04\/17\/actualizacion-de-precios-diamantes-de-laboratorio-ewa-joyeria\/\" >\n\t\t\t\tActualizaci\u00f3n de precios, diamantes de laboratorio EWA joyer\u00eda\t\t\t<\/a>\n\t\t<\/h4>\n\t\t\t\t<div class=\"elementor-post__excerpt\">\n\t\t\t<p>Durante la consolidaci\u00f3n formal de EWA joyer\u00eda hace m\u00e1s de<\/p>\n\t\t<\/div>\n\t\t\t\t<\/div>\n\t\t\t\t<\/article>\n\t\t\t\t<article class=\"elementor-post elementor-grid-item post-6390 post type-post status-publish format-standard has-post-thumbnail hentry category-esmeraldas-colombianas\">\n\t\t\t\t<a class=\"elementor-post__thumbnail__link\" href=\"https:\/\/ewajoyeria.com\/index.php\/2025\/10\/26\/porque-las-esmeraldas-colombianas-son-las-mejores-del-mundo\/\" tabindex=\"-1\" >\n\t\t\t<div class=\"elementor-post__thumbnail\"><img loading=\"lazy\" decoding=\"async\" width=\"300\" height=\"169\" src=\"https:\/\/ewajoyeria.com\/wp-content\/uploads\/2022\/12\/accesorios_esmeralda_ewa_joyeria-300x169.webp\" class=\"attachment-medium size-medium wp-image-1357\" alt=\"accesorios_esmeralda_ewa_joyeria\" srcset=\"https:\/\/ewajoyeria.com\/wp-content\/uploads\/2022\/12\/accesorios_esmeralda_ewa_joyeria-300x169.webp 300w, https:\/\/ewajoyeria.com\/wp-content\/uploads\/2022\/12\/accesorios_esmeralda_ewa_joyeria-1024x576.webp 1024w, https:\/\/ewajoyeria.com\/wp-content\/uploads\/2022\/12\/accesorios_esmeralda_ewa_joyeria-768x432.webp 768w, https:\/\/ewajoyeria.com\/wp-content\/uploads\/2022\/12\/accesorios_esmeralda_ewa_joyeria-1536x864.webp 1536w, https:\/\/ewajoyeria.com\/wp-content\/uploads\/2022\/12\/accesorios_esmeralda_ewa_joyeria-1320x743.webp 1320w, https:\/\/ewajoyeria.com\/wp-content\/uploads\/2022\/12\/accesorios_esmeralda_ewa_joyeria-600x338.webp 600w, https:\/\/ewajoyeria.com\/wp-content\/uploads\/2022\/12\/accesorios_esmeralda_ewa_joyeria.webp 1920w\" sizes=\"(max-width: 300px) 100vw, 300px\" \/><\/div>\n\t\t<\/a>\n\t\t\t\t<div class=\"elementor-post__text\">\n\t\t\t\t<h4 class=\"elementor-post__title\">\n\t\t\t<a href=\"https:\/\/ewajoyeria.com\/index.php\/2025\/10\/26\/porque-las-esmeraldas-colombianas-son-las-mejores-del-mundo\/\" >\n\t\t\t\tPorqu\u00e9 las esmeraldas Colombianas son las mejores del mundo\t\t\t<\/a>\n\t\t<\/h4>\n\t\t\t\t<div class=\"elementor-post__excerpt\">\n\t\t\t<p>Desde la antig\u00fcedad, las esmeraldas han sido veneradas por sus<\/p>\n\t\t<\/div>\n\t\t\t\t<\/div>\n\t\t\t\t<\/article>\n\t\t\t\t<\/div>\n\t\t\n\t\t\t\t\t\t<\/div>\n\t\t\t\t<\/div>\n\t\t\t\t\t<\/div>\n\t\t<\/div>\n\t\t\t\t\t<\/div>\n\t\t<\/section>\n\t\t\t\t<\/div>\n\t\t","protected":false},"excerpt":{"rendered":"<p>DIAMANTES CERTIFICADOS EWA Conozca nuestros diamantes certificados. Color, claridad y quilates. DIAMANTES DE LABORATORIO EWA joyer\u00eda se renov\u00f3 por un futuro m\u00e1s \u00e9tico, garantizando que todos los productos de la marca cuenten con diamantes de laboratorio certificados. Todos los diamantes de laboratorio ofrecidos por EWA joyer\u00eda var\u00edan en un rango de color D-I-H. La claridad [&hellip;]<\/p>\n","protected":false},"author":1,"featured_media":0,"parent":0,"menu_order":0,"comment_status":"closed","ping_status":"closed","template":"","meta":{"site-sidebar-layout":"no-sidebar","site-content-layout":"page-builder","ast-site-content-layout":"default","site-content-style":"default","site-sidebar-style":"default","ast-global-header-display":"","ast-banner-title-visibility":"","ast-main-header-display":"","ast-hfb-above-header-display":"","ast-hfb-below-header-display":"","ast-hfb-mobile-header-display":"","site-post-title":"disabled","ast-breadcrumbs-content":"","ast-featured-img":"disabled","footer-sml-layout":"","theme-transparent-header-meta":"","adv-header-id-meta":"","stick-header-meta":"","header-above-stick-meta":"","header-main-stick-meta":"","header-below-stick-meta":"","astra-migrate-meta-layouts":"default","ast-page-background-enabled":"default","ast-page-background-meta":{"desktop":{"background-color":"var(--ast-global-color-4)","background-image":"","background-repeat":"repeat","background-position":"center center","background-size":"auto","background-attachment":"scroll","background-type":"","background-media":"","overlay-type":"","overlay-color":"","overlay-opacity":"","overlay-gradient":""},"tablet":{"background-color":"","background-image":"","background-repeat":"repeat","background-position":"center center","background-size":"auto","background-attachment":"scroll","background-type":"","background-media":"","overlay-type":"","overlay-color":"","overlay-opacity":"","overlay-gradient":""},"mobile":{"background-color":"","background-image":"","background-repeat":"repeat","background-position":"center center","background-size":"auto","background-attachment":"scroll","background-type":"","background-media":"","overlay-type":"","overlay-color":"","overlay-opacity":"","overlay-gradient":""}},"ast-content-background-meta":{"desktop":{"background-color":"var(--ast-global-color-5)","background-image":"","background-repeat":"repeat","background-position":"center center","background-size":"auto","background-attachment":"scroll","background-type":"","background-media":"","overlay-type":"","overlay-color":"","overlay-opacity":"","overlay-gradient":""},"tablet":{"background-color":"var(--ast-global-color-5)","background-image":"","background-repeat":"repeat","background-position":"center center","background-size":"auto","background-attachment":"scroll","background-type":"","background-media":"","overlay-type":"","overlay-color":"","overlay-opacity":"","overlay-gradient":""},"mobile":{"background-color":"var(--ast-global-color-5)","background-image":"","background-repeat":"repeat","background-position":"center center","background-size":"auto","background-attachment":"scroll","background-type":"","background-media":"","overlay-type":"","overlay-color":"","overlay-opacity":"","overlay-gradient":""}},"footnotes":""},"class_list":["post-3010","page","type-page","status-publish","hentry"],"aioseo_notices":[],"_links":{"self":[{"href":"https:\/\/ewajoyeria.com\/index.php\/wp-json\/wp\/v2\/pages\/3010","targetHints":{"allow":["GET"]}}],"collection":[{"href":"https:\/\/ewajoyeria.com\/index.php\/wp-json\/wp\/v2\/pages"}],"about":[{"href":"https:\/\/ewajoyeria.com\/index.php\/wp-json\/wp\/v2\/types\/page"}],"author":[{"embeddable":true,"href":"https:\/\/ewajoyeria.com\/index.php\/wp-json\/wp\/v2\/users\/1"}],"replies":[{"embeddable":true,"href":"https:\/\/ewajoyeria.com\/index.php\/wp-json\/wp\/v2\/comments?post=3010"}],"version-history":[{"count":33,"href":"https:\/\/ewajoyeria.com\/index.php\/wp-json\/wp\/v2\/pages\/3010\/revisions"}],"predecessor-version":[{"id":17749,"href":"https:\/\/ewajoyeria.com\/index.php\/wp-json\/wp\/v2\/pages\/3010\/revisions\/17749"}],"wp:attachment":[{"href":"https:\/\/ewajoyeria.com\/index.php\/wp-json\/wp\/v2\/media?parent=3010"}],"curies":[{"name":"wp","href":"https:\/\/api.w.org\/{rel}","templated":true}]}}