{"id":298,"date":"2022-06-15T07:27:18","date_gmt":"2022-06-15T07:27:18","guid":{"rendered":"http:\/\/ewajoyeria.com\/?page_id=298"},"modified":"2025-05-26T02:04:19","modified_gmt":"2025-05-26T02:04:19","slug":"a-medida","status":"publish","type":"page","link":"https:\/\/ewajoyeria.com\/index.php\/a-medida\/","title":{"rendered":"Joyas a medida"},"content":{"rendered":"\t\t<div data-elementor-type=\"wp-page\" data-elementor-id=\"298\" class=\"elementor elementor-298\" data-elementor-post-type=\"page\">\n\t\t\t\t\t\t<section class=\"elementor-section elementor-top-section elementor-element elementor-element-c3dc13f elementor-section-content-middle elementor-section-boxed elementor-section-height-default elementor-section-height-default\" data-id=\"c3dc13f\" data-element_type=\"section\">\n\t\t\t\t\t\t<div class=\"elementor-container elementor-column-gap-no\">\n\t\t\t\t\t<div class=\"elementor-column elementor-col-100 elementor-top-column elementor-element elementor-element-54b6fc7\" data-id=\"54b6fc7\" data-element_type=\"column\">\n\t\t\t<div class=\"elementor-widget-wrap elementor-element-populated\">\n\t\t\t\t\t\t<div class=\"elementor-element elementor-element-fa6536d elementor-widget elementor-widget-image\" data-id=\"fa6536d\" data-element_type=\"widget\" data-widget_type=\"image.default\">\n\t\t\t\t<div class=\"elementor-widget-container\">\n\t\t\t\t\t\t\t\t\t\t\t\t\t\t\t<img fetchpriority=\"high\" decoding=\"async\" width=\"1600\" height=\"1280\" src=\"https:\/\/ewajoyeria.com\/wp-content\/uploads\/2024\/02\/Anillo-de-matrimonio-mujer-en-oro-blanco-con-diamantes-ajuste-GRANO-BRILLANTE.jpg\" class=\"attachment-full size-full wp-image-3666\" alt=\"Anillo de matrimonio mujer en oro blanco con diamantes ajuste GRANO BRILLANTE EWA Joyeria\" srcset=\"https:\/\/ewajoyeria.com\/wp-content\/uploads\/2024\/02\/Anillo-de-matrimonio-mujer-en-oro-blanco-con-diamantes-ajuste-GRANO-BRILLANTE.jpg 1600w, https:\/\/ewajoyeria.com\/wp-content\/uploads\/2024\/02\/Anillo-de-matrimonio-mujer-en-oro-blanco-con-diamantes-ajuste-GRANO-BRILLANTE-300x240.jpg 300w, https:\/\/ewajoyeria.com\/wp-content\/uploads\/2024\/02\/Anillo-de-matrimonio-mujer-en-oro-blanco-con-diamantes-ajuste-GRANO-BRILLANTE-1024x819.jpg 1024w, https:\/\/ewajoyeria.com\/wp-content\/uploads\/2024\/02\/Anillo-de-matrimonio-mujer-en-oro-blanco-con-diamantes-ajuste-GRANO-BRILLANTE-768x614.jpg 768w, https:\/\/ewajoyeria.com\/wp-content\/uploads\/2024\/02\/Anillo-de-matrimonio-mujer-en-oro-blanco-con-diamantes-ajuste-GRANO-BRILLANTE-1536x1229.jpg 1536w, https:\/\/ewajoyeria.com\/wp-content\/uploads\/2024\/02\/Anillo-de-matrimonio-mujer-en-oro-blanco-con-diamantes-ajuste-GRANO-BRILLANTE-1320x1056.jpg 1320w, https:\/\/ewajoyeria.com\/wp-content\/uploads\/2024\/02\/Anillo-de-matrimonio-mujer-en-oro-blanco-con-diamantes-ajuste-GRANO-BRILLANTE-600x480.jpg 600w\" sizes=\"(max-width: 1600px) 100vw, 1600px\" \/>\t\t\t\t\t\t\t\t\t\t\t\t\t\t\t<\/div>\n\t\t\t\t<\/div>\n\t\t\t\t<div class=\"elementor-element elementor-element-488ecbc elementor-widget elementor-widget-heading\" data-id=\"488ecbc\" data-element_type=\"widget\" data-widget_type=\"heading.default\">\n\t\t\t\t<div class=\"elementor-widget-container\">\n\t\t\t\t\t<h1 class=\"elementor-heading-title elementor-size-default\">PERSONALIZAR TU JOYA A MEDIDA<\/h1>\t\t\t\t<\/div>\n\t\t\t\t<\/div>\n\t\t\t\t<div class=\"elementor-element elementor-element-7f69659 elementor-widget elementor-widget-heading\" data-id=\"7f69659\" data-element_type=\"widget\" data-widget_type=\"heading.default\">\n\t\t\t\t<div class=\"elementor-widget-container\">\n\t\t\t\t\t<p class=\"elementor-heading-title elementor-size-default\">Su creaci\u00f3n de joyer\u00eda totalmente a su medida, dise\u00f1os y recomendaciones personalizadas<\/p>\t\t\t\t<\/div>\n\t\t\t\t<\/div>\n\t\t\t\t<section class=\"elementor-section elementor-inner-section elementor-element elementor-element-28cc203 elementor-section-boxed elementor-section-height-default elementor-section-height-default\" data-id=\"28cc203\" data-element_type=\"section\">\n\t\t\t\t\t\t<div class=\"elementor-container elementor-column-gap-default\">\n\t\t\t\t\t<div class=\"elementor-column elementor-col-100 elementor-inner-column elementor-element elementor-element-e7a4216\" data-id=\"e7a4216\" data-element_type=\"column\">\n\t\t\t<div class=\"elementor-widget-wrap elementor-element-populated\">\n\t\t\t\t\t\t<div class=\"elementor-element elementor-element-8d4b4c8 elementor-widget elementor-widget-text-editor\" data-id=\"8d4b4c8\" data-element_type=\"widget\" data-widget_type=\"text-editor.default\">\n\t\t\t\t<div class=\"elementor-widget-container\">\n\t\t\t\t\t\t\t\t\t<p>Reciba recomendaciones de expertos de EWA joyer\u00eda con m\u00e1s de 20 a\u00f1os de experiencia en el mundo de la joyer\u00eda, dise\u00f1a el anillo-accesorio de tus sue\u00f1os. Materiales y diamantes certificados.<\/p>\t\t\t\t\t\t\t\t<\/div>\n\t\t\t\t<\/div>\n\t\t\t\t\t<\/div>\n\t\t<\/div>\n\t\t\t\t\t<\/div>\n\t\t<\/section>\n\t\t\t\t\t<\/div>\n\t\t<\/div>\n\t\t\t\t\t<\/div>\n\t\t<\/section>\n\t\t\t\t<section class=\"elementor-section elementor-top-section elementor-element elementor-element-216df1f elementor-section-boxed elementor-section-height-default elementor-section-height-default\" data-id=\"216df1f\" data-element_type=\"section\">\n\t\t\t\t\t\t<div class=\"elementor-container elementor-column-gap-default\">\n\t\t\t\t\t<div class=\"elementor-column elementor-col-50 elementor-top-column elementor-element elementor-element-1c59fbd\" data-id=\"1c59fbd\" data-element_type=\"column\">\n\t\t\t<div class=\"elementor-widget-wrap elementor-element-populated\">\n\t\t\t\t\t\t<div class=\"elementor-element elementor-element-7fadee7 animated-fast elementor-invisible elementor-widget elementor-widget-heading\" data-id=\"7fadee7\" data-element_type=\"widget\" data-settings=\"{&quot;_animation&quot;:&quot;fadeIn&quot;}\" data-widget_type=\"heading.default\">\n\t\t\t\t<div class=\"elementor-widget-container\">\n\t\t\t\t\t<h2 class=\"elementor-heading-title elementor-size-default\">PASOS EN LA ELABORACI\u00d3N<\/h2>\t\t\t\t<\/div>\n\t\t\t\t<\/div>\n\t\t\t\t\t<\/div>\n\t\t<\/div>\n\t\t\t\t<div class=\"elementor-column elementor-col-50 elementor-top-column elementor-element elementor-element-7f315e5\" data-id=\"7f315e5\" data-element_type=\"column\">\n\t\t\t<div class=\"elementor-widget-wrap elementor-element-populated\">\n\t\t\t\t\t\t<div class=\"elementor-element elementor-element-bf81a69 animated-slow elementor-invisible elementor-widget elementor-widget-text-editor\" data-id=\"bf81a69\" data-element_type=\"widget\" data-settings=\"{&quot;_animation&quot;:&quot;fadeIn&quot;}\" data-widget_type=\"text-editor.default\">\n\t\t\t\t<div class=\"elementor-widget-container\">\n\t\t\t\t\t\t\t\t\t<p>Los siguientes son los pasos c\u00f3munes en el proceso de joyer\u00eda a medida en EWA<\/p><h3>COMPARTA SUS IDEAS<\/h3><p>Cada creaci\u00f3n comienza con una historia. Un joyero se reunir\u00e1 con usted para comprender sus ideas y deseos. Puede proporcionar bocetos, fotograf\u00edas o una descripci\u00f3n, cada detalle es esencial para la elaboraci\u00f3n. Adicionalmente se ofrece asesoramiento personalizado. Reciba recomendaciones de expertos que se adaptan y aportan ideas.<\/p><h3>DISE\u00d1O PERSONALIZADO<\/h3><p>Tras comprender su visi\u00f3n, se, se dise\u00f1ar\u00e1 un modelo digital, con proporciones exactas. Este proceso le permitir\u00e1 visualizar su joya antes de la fabricaci\u00f3n, asegur\u00e1ndose que refleje su estilo y personalidad. Puede realizar ajustes y seguir de cerca el progreso.<\/p><p>Nota: el tiempo estimado de dise\u00f1o var\u00eda seg\u00fan su idea.<\/p><h3>FABRICACI\u00d3N<\/h3><p>Cada pieza de alta joyer\u00eda es fabricada con oro de dieciocho quilates y piedras preciosas naturales. Sin embargo, por solicitud expl\u00edcita puede reemplazar los diamantes, por DIAMANTES DE LABORATORIO.<\/p><p>Comun\u00edquese con nosotros para revisar las opciones.<\/p><p>El tiempo de fabricaci\u00f3n var\u00eda entre 3 a 4 semanas.<\/p><h3>ENTREGA Y PRESENTACI\u00d3N<\/h3><p>Su creaci\u00f3n personalizada se entrega lista para hacer parte de su historia. Ofrecemos servicio de grabado para incluir un mensaje especial.<\/p><p>Todos los anillos personalizados cuentan con garant\u00eda de por vida sobre los materiales y reciben descuentos adicionales para reparaci\u00f3n o mantenimiento.<\/p><p>Consulte m\u00e1s aqu\u00ed<\/p><p><a href=\"https:\/\/ewajoyeria.com\/index.php\/garantia-de-joyeria\/\">GARANT\u00cdA DE JOYER\u00cdA<\/a><\/p>\t\t\t\t\t\t\t\t<\/div>\n\t\t\t\t<\/div>\n\t\t\t\t\t<\/div>\n\t\t<\/div>\n\t\t\t\t\t<\/div>\n\t\t<\/section>\n\t\t\t\t<section class=\"elementor-section elementor-top-section elementor-element elementor-element-3e6ae603 elementor-section-full_width elementor-section-height-default elementor-section-height-default\" data-id=\"3e6ae603\" data-element_type=\"section\" data-settings=\"{&quot;animation&quot;:&quot;none&quot;}\">\n\t\t\t\t\t\t<div class=\"elementor-container elementor-column-gap-default\">\n\t\t\t\t\t<div class=\"elementor-column elementor-col-100 elementor-top-column elementor-element elementor-element-2b2d706f\" data-id=\"2b2d706f\" data-element_type=\"column\">\n\t\t\t<div class=\"elementor-widget-wrap elementor-element-populated\">\n\t\t\t\t\t\t<div class=\"elementor-element elementor-element-2abd084c elementor-widget-divider--view-line_text elementor-widget-divider--element-align-left elementor-widget elementor-widget-divider\" data-id=\"2abd084c\" data-element_type=\"widget\" data-widget_type=\"divider.default\">\n\t\t\t\t<div class=\"elementor-widget-container\">\n\t\t\t\t\t\t\t<div class=\"elementor-divider\">\n\t\t\t<span class=\"elementor-divider-separator\">\n\t\t\t\t\t\t\t<h2 class=\"elementor-divider__text elementor-divider__element\">\n\t\t\t\tNUESTRAS CREACIONES\t\t\t\t<\/h2>\n\t\t\t\t\t\t<\/span>\n\t\t<\/div>\n\t\t\t\t\t\t<\/div>\n\t\t\t\t<\/div>\n\t\t\t\t<div class=\"elementor-element elementor-element-21b37c8a gallery-spacing-custom elementor-widget elementor-widget-image-gallery\" data-id=\"21b37c8a\" data-element_type=\"widget\" data-widget_type=\"image-gallery.default\">\n\t\t\t\t<div class=\"elementor-widget-container\">\n\t\t\t\t\t\t\t<div class=\"elementor-image-gallery\">\n\t\t\t<div id='gallery-1' class='gallery galleryid-298 gallery-columns-3 gallery-size-full'><figure class='gallery-item'>\n\t\t\t<div class='gallery-icon landscape'>\n\t\t\t\t<a data-elementor-open-lightbox=\"yes\" data-elementor-lightbox-slideshow=\"21b37c8a\" data-elementor-lightbox-title=\"pulsera de oro a medida ewa joyeria\" data-e-action-hash=\"#elementor-action%3Aaction%3Dlightbox%26settings%3DeyJpZCI6NDk2LCJ1cmwiOiJodHRwczpcL1wvZXdham95ZXJpYS5jb21cL3dwLWNvbnRlbnRcL3VwbG9hZHNcLzIwMjJcLzA2XC9wdWxzZXJhLWRlLW9yby5qcGciLCJzbGlkZXNob3ciOiIyMWIzN2M4YSJ9\" href='https:\/\/ewajoyeria.com\/wp-content\/uploads\/2022\/06\/pulsera-de-oro.jpg'><img decoding=\"async\" width=\"750\" height=\"750\" src=\"https:\/\/ewajoyeria.com\/wp-content\/uploads\/2022\/06\/pulsera-de-oro.jpg\" class=\"attachment-full size-full\" alt=\"pulsera de oro a medida ewa joyeria\" srcset=\"https:\/\/ewajoyeria.com\/wp-content\/uploads\/2022\/06\/pulsera-de-oro.jpg 750w, https:\/\/ewajoyeria.com\/wp-content\/uploads\/2022\/06\/pulsera-de-oro-300x300.jpg 300w, https:\/\/ewajoyeria.com\/wp-content\/uploads\/2022\/06\/pulsera-de-oro-150x150.jpg 150w, https:\/\/ewajoyeria.com\/wp-content\/uploads\/2022\/06\/pulsera-de-oro-600x600.jpg 600w, https:\/\/ewajoyeria.com\/wp-content\/uploads\/2022\/06\/pulsera-de-oro-100x100.jpg 100w\" sizes=\"(max-width: 750px) 100vw, 750px\" \/><\/a>\n\t\t\t<\/div><\/figure><figure class='gallery-item'>\n\t\t\t<div class='gallery-icon portrait'>\n\t\t\t\t<a data-elementor-open-lightbox=\"yes\" data-elementor-lightbox-slideshow=\"21b37c8a\" data-elementor-lightbox-title=\"EWA joyer\u00eda experiencias de clientes 3\" data-e-action-hash=\"#elementor-action%3Aaction%3Dlightbox%26settings%3DeyJpZCI6NTUxNiwidXJsIjoiaHR0cHM6XC9cL2V3YWpveWVyaWEuY29tXC93cC1jb250ZW50XC91cGxvYWRzXC8yMDI1XC8wNFwvNTM0MDQzMDUtNDNiYy00ZWYyLWI0Y2MtNmYzYWVjMmIyMmVjLmpwZyIsInNsaWRlc2hvdyI6IjIxYjM3YzhhIn0%3D\" href='https:\/\/ewajoyeria.com\/wp-content\/uploads\/2025\/04\/53404305-43bc-4ef2-b4cc-6f3aec2b22ec.jpg'><img decoding=\"async\" width=\"900\" height=\"1600\" src=\"https:\/\/ewajoyeria.com\/wp-content\/uploads\/2025\/04\/53404305-43bc-4ef2-b4cc-6f3aec2b22ec.jpg\" class=\"attachment-full size-full\" alt=\"EWA joyer\u00eda experiencias de clientes 3\" srcset=\"https:\/\/ewajoyeria.com\/wp-content\/uploads\/2025\/04\/53404305-43bc-4ef2-b4cc-6f3aec2b22ec.jpg 900w, https:\/\/ewajoyeria.com\/wp-content\/uploads\/2025\/04\/53404305-43bc-4ef2-b4cc-6f3aec2b22ec-169x300.jpg 169w, https:\/\/ewajoyeria.com\/wp-content\/uploads\/2025\/04\/53404305-43bc-4ef2-b4cc-6f3aec2b22ec-576x1024.jpg 576w, https:\/\/ewajoyeria.com\/wp-content\/uploads\/2025\/04\/53404305-43bc-4ef2-b4cc-6f3aec2b22ec-768x1365.jpg 768w, https:\/\/ewajoyeria.com\/wp-content\/uploads\/2025\/04\/53404305-43bc-4ef2-b4cc-6f3aec2b22ec-864x1536.jpg 864w, https:\/\/ewajoyeria.com\/wp-content\/uploads\/2025\/04\/53404305-43bc-4ef2-b4cc-6f3aec2b22ec-600x1067.jpg 600w\" sizes=\"(max-width: 900px) 100vw, 900px\" \/><\/a>\n\t\t\t<\/div><\/figure><figure class='gallery-item'>\n\t\t\t<div class='gallery-icon portrait'>\n\t\t\t\t<a data-elementor-open-lightbox=\"yes\" data-elementor-lightbox-slideshow=\"21b37c8a\" data-elementor-lightbox-title=\"Anillos de matrimonio para parejas en oro blanco y amarillo con diamantes\" data-e-action-hash=\"#elementor-action%3Aaction%3Dlightbox%26settings%3DeyJpZCI6NDk0LCJ1cmwiOiJodHRwczpcL1wvZXdham95ZXJpYS5jb21cL3dwLWNvbnRlbnRcL3VwbG9hZHNcLzIwMjJcLzA2XC9hbmlsbG9zLWRlLWNvbXByb21pc28tb3JvLWFtYXJpbGxvLXktb3JvLWJsYW5jby1ld2FfMS5qcGciLCJzbGlkZXNob3ciOiIyMWIzN2M4YSJ9\" href='https:\/\/ewajoyeria.com\/wp-content\/uploads\/2022\/06\/anillos-de-compromiso-oro-amarillo-y-oro-blanco-ewa_1.jpg'><img loading=\"lazy\" decoding=\"async\" width=\"1200\" height=\"1600\" src=\"https:\/\/ewajoyeria.com\/wp-content\/uploads\/2022\/06\/anillos-de-compromiso-oro-amarillo-y-oro-blanco-ewa_1.jpg\" class=\"attachment-full size-full\" alt=\"Joyas a medida ewa joyeria\" srcset=\"https:\/\/ewajoyeria.com\/wp-content\/uploads\/2022\/06\/anillos-de-compromiso-oro-amarillo-y-oro-blanco-ewa_1.jpg 1200w, https:\/\/ewajoyeria.com\/wp-content\/uploads\/2022\/06\/anillos-de-compromiso-oro-amarillo-y-oro-blanco-ewa_1-225x300.jpg 225w, https:\/\/ewajoyeria.com\/wp-content\/uploads\/2022\/06\/anillos-de-compromiso-oro-amarillo-y-oro-blanco-ewa_1-768x1024.jpg 768w, https:\/\/ewajoyeria.com\/wp-content\/uploads\/2022\/06\/anillos-de-compromiso-oro-amarillo-y-oro-blanco-ewa_1-1152x1536.jpg 1152w, https:\/\/ewajoyeria.com\/wp-content\/uploads\/2022\/06\/anillos-de-compromiso-oro-amarillo-y-oro-blanco-ewa_1-600x800.jpg 600w\" sizes=\"(max-width: 1200px) 100vw, 1200px\" \/><\/a>\n\t\t\t<\/div><\/figure><figure class='gallery-item'>\n\t\t\t<div class='gallery-icon portrait'>\n\t\t\t\t<a data-elementor-open-lightbox=\"yes\" data-elementor-lightbox-slideshow=\"21b37c8a\" data-elementor-lightbox-title=\"EWA joyer\u00eda experiencias de clientes\" data-e-action-hash=\"#elementor-action%3Aaction%3Dlightbox%26settings%3DeyJpZCI6NTUxMywidXJsIjoiaHR0cHM6XC9cL2V3YWpveWVyaWEuY29tXC93cC1jb250ZW50XC91cGxvYWRzXC8yMDI1XC8wNFwvRFNDMDA2MTYtc2NhbGVkLmpwZyIsInNsaWRlc2hvdyI6IjIxYjM3YzhhIn0%3D\" href='https:\/\/ewajoyeria.com\/wp-content\/uploads\/2025\/04\/DSC00616-scaled.jpg'><img loading=\"lazy\" decoding=\"async\" width=\"1707\" height=\"2560\" src=\"https:\/\/ewajoyeria.com\/wp-content\/uploads\/2025\/04\/DSC00616-scaled.jpg\" class=\"attachment-full size-full\" alt=\"EWA joyer\u00eda experiencias de clientes\" srcset=\"https:\/\/ewajoyeria.com\/wp-content\/uploads\/2025\/04\/DSC00616-scaled.jpg 1707w, https:\/\/ewajoyeria.com\/wp-content\/uploads\/2025\/04\/DSC00616-200x300.jpg 200w, https:\/\/ewajoyeria.com\/wp-content\/uploads\/2025\/04\/DSC00616-683x1024.jpg 683w, https:\/\/ewajoyeria.com\/wp-content\/uploads\/2025\/04\/DSC00616-768x1152.jpg 768w, https:\/\/ewajoyeria.com\/wp-content\/uploads\/2025\/04\/DSC00616-1024x1536.jpg 1024w, https:\/\/ewajoyeria.com\/wp-content\/uploads\/2025\/04\/DSC00616-1365x2048.jpg 1365w, https:\/\/ewajoyeria.com\/wp-content\/uploads\/2025\/04\/DSC00616-1320x1980.jpg 1320w, https:\/\/ewajoyeria.com\/wp-content\/uploads\/2025\/04\/DSC00616-600x900.jpg 600w\" sizes=\"(max-width: 1707px) 100vw, 1707px\" \/><\/a>\n\t\t\t<\/div><\/figure><figure class='gallery-item'>\n\t\t\t<div class='gallery-icon portrait'>\n\t\t\t\t<a data-elementor-open-lightbox=\"yes\" data-elementor-lightbox-slideshow=\"21b37c8a\" data-elementor-lightbox-title=\"EWA joyer\u00eda experiencias de clientes 2\" data-e-action-hash=\"#elementor-action%3Aaction%3Dlightbox%26settings%3DeyJpZCI6NTUxNSwidXJsIjoiaHR0cHM6XC9cL2V3YWpveWVyaWEuY29tXC93cC1jb250ZW50XC91cGxvYWRzXC8yMDI1XC8wNFwvNmQzODY1YjMtNzNiNS00OTFkLWFmZDgtZGY4MDYzMjJhZWU5LmpwZyIsInNsaWRlc2hvdyI6IjIxYjM3YzhhIn0%3D\" href='https:\/\/ewajoyeria.com\/wp-content\/uploads\/2025\/04\/6d3865b3-73b5-491d-afd8-df806322aee9.jpg'><img loading=\"lazy\" decoding=\"async\" width=\"747\" height=\"1600\" src=\"https:\/\/ewajoyeria.com\/wp-content\/uploads\/2025\/04\/6d3865b3-73b5-491d-afd8-df806322aee9.jpg\" class=\"attachment-full size-full\" alt=\"EWA joyer\u00eda experiencias de clientes 2\" srcset=\"https:\/\/ewajoyeria.com\/wp-content\/uploads\/2025\/04\/6d3865b3-73b5-491d-afd8-df806322aee9.jpg 747w, https:\/\/ewajoyeria.com\/wp-content\/uploads\/2025\/04\/6d3865b3-73b5-491d-afd8-df806322aee9-140x300.jpg 140w, https:\/\/ewajoyeria.com\/wp-content\/uploads\/2025\/04\/6d3865b3-73b5-491d-afd8-df806322aee9-478x1024.jpg 478w, https:\/\/ewajoyeria.com\/wp-content\/uploads\/2025\/04\/6d3865b3-73b5-491d-afd8-df806322aee9-717x1536.jpg 717w, https:\/\/ewajoyeria.com\/wp-content\/uploads\/2025\/04\/6d3865b3-73b5-491d-afd8-df806322aee9-600x1285.jpg 600w\" sizes=\"(max-width: 747px) 100vw, 747px\" \/><\/a>\n\t\t\t<\/div><\/figure><figure class='gallery-item'>\n\t\t\t<div class='gallery-icon landscape'>\n\t\t\t\t<a data-elementor-open-lightbox=\"yes\" data-elementor-lightbox-slideshow=\"21b37c8a\" data-elementor-lightbox-title=\"anillo de oso en oro blanco con diamantes a medida ewa joyeria\" data-e-action-hash=\"#elementor-action%3Aaction%3Dlightbox%26settings%3DeyJpZCI6NDkzLCJ1cmwiOiJodHRwczpcL1wvZXdham95ZXJpYS5jb21cL3dwLWNvbnRlbnRcL3VwbG9hZHNcLzIwMjJcLzA2XC9hbmlsbG8tZGUtb3JvLWJsYW5jby1jb24tZGlhbWFudGVzLXRvdXMtZXdhXzEuanBnIiwic2xpZGVzaG93IjoiMjFiMzdjOGEifQ%3D%3D\" href='https:\/\/ewajoyeria.com\/wp-content\/uploads\/2022\/06\/anillo-de-oro-blanco-con-diamantes-tous-ewa_1.jpg'><img loading=\"lazy\" decoding=\"async\" width=\"1600\" height=\"1200\" src=\"https:\/\/ewajoyeria.com\/wp-content\/uploads\/2022\/06\/anillo-de-oro-blanco-con-diamantes-tous-ewa_1.jpg\" class=\"attachment-full size-full\" alt=\"anillo de oso en oro blanco con diamantes a medida ewa joyeria\" srcset=\"https:\/\/ewajoyeria.com\/wp-content\/uploads\/2022\/06\/anillo-de-oro-blanco-con-diamantes-tous-ewa_1.jpg 1600w, https:\/\/ewajoyeria.com\/wp-content\/uploads\/2022\/06\/anillo-de-oro-blanco-con-diamantes-tous-ewa_1-300x225.jpg 300w, https:\/\/ewajoyeria.com\/wp-content\/uploads\/2022\/06\/anillo-de-oro-blanco-con-diamantes-tous-ewa_1-1024x768.jpg 1024w, https:\/\/ewajoyeria.com\/wp-content\/uploads\/2022\/06\/anillo-de-oro-blanco-con-diamantes-tous-ewa_1-768x576.jpg 768w, https:\/\/ewajoyeria.com\/wp-content\/uploads\/2022\/06\/anillo-de-oro-blanco-con-diamantes-tous-ewa_1-1536x1152.jpg 1536w, https:\/\/ewajoyeria.com\/wp-content\/uploads\/2022\/06\/anillo-de-oro-blanco-con-diamantes-tous-ewa_1-600x450.jpg 600w\" sizes=\"(max-width: 1600px) 100vw, 1600px\" \/><\/a>\n\t\t\t<\/div><\/figure>\n\t\t<\/div>\n\t\t<\/div>\n\t\t\t\t\t\t<\/div>\n\t\t\t\t<\/div>\n\t\t\t\t\t<\/div>\n\t\t<\/div>\n\t\t\t\t\t<\/div>\n\t\t<\/section>\n\t\t\t\t<section class=\"elementor-section elementor-top-section elementor-element elementor-element-1605e516 elementor-section-content-middle elementor-section-boxed elementor-section-height-default elementor-section-height-default\" data-id=\"1605e516\" data-element_type=\"section\">\n\t\t\t\t\t\t<div class=\"elementor-container elementor-column-gap-no\">\n\t\t\t\t\t<div class=\"elementor-column elementor-col-100 elementor-top-column elementor-element elementor-element-4ce417f4\" data-id=\"4ce417f4\" data-element_type=\"column\">\n\t\t\t<div class=\"elementor-widget-wrap elementor-element-populated\">\n\t\t\t\t\t\t<div class=\"elementor-element elementor-element-7a6e59f6 elementor-widget elementor-widget-heading\" data-id=\"7a6e59f6\" data-element_type=\"widget\" data-widget_type=\"heading.default\">\n\t\t\t\t<div class=\"elementor-widget-container\">\n\t\t\t\t\t<h4 class=\"elementor-heading-title elementor-size-default\">INFORMACI\u00d3N ADICIONAL<\/h4>\t\t\t\t<\/div>\n\t\t\t\t<\/div>\n\t\t\t\t<div class=\"elementor-element elementor-element-14c9fc71 elementor-widget elementor-widget-text-editor\" data-id=\"14c9fc71\" data-element_type=\"widget\" data-widget_type=\"text-editor.default\">\n\t\t\t\t<div class=\"elementor-widget-container\">\n\t\t\t\t\t\t\t\t\t<p>Para inicar el proceso de joyer\u00eda personalizada, puede programar una reuni\u00f3n <a href=\"https:\/\/ewajoyeria.com\/index.php\/agendar-una-cita\/\">AQU\u00cd<\/a><\/p><p>Todos los productos personalizados cuentan con una garant\u00eda limitada y no entran dentro de nuestra pol\u00edtica de devoluci\u00f3n. Para m\u00e1s informaci\u00f3n, consulte: <a href=\"https:\/\/ewajoyeria.com\/index.php\/garantia-de-joyeria\/\">GARANT\u00cdA DE EWA<\/a><\/p><p>Si lo prefiere, puede contactarnos a trav\u00e9s de nuestros diferentes canales de atenci\u00f3n o visitar nuestro taller presencial, dirigi\u00e9ndose a:<\/p><p>Calle 13 #12-74 Centro Comercial Popular A local 282<br \/>Bogot\u00e1, Colombia<\/p><p>+57 3105458202<\/p><p>Correo:\u00a0ewajoyeria1@gmail.com<\/p><p>\u00a0<\/p>\t\t\t\t\t\t\t\t<\/div>\n\t\t\t\t<\/div>\n\t\t\t\t\t<\/div>\n\t\t<\/div>\n\t\t\t\t\t<\/div>\n\t\t<\/section>\n\t\t\t\t<\/div>\n\t\t","protected":false},"excerpt":{"rendered":"<p>PERSONALIZAR TU JOYA A MEDIDA Su creaci\u00f3n de joyer\u00eda totalmente a su medida, dise\u00f1os y recomendaciones personalizadas Reciba recomendaciones de expertos de EWA joyer\u00eda con m\u00e1s de 20 a\u00f1os de experiencia en el mundo de la joyer\u00eda, dise\u00f1a el anillo-accesorio de tus sue\u00f1os. Materiales y diamantes certificados. PASOS EN LA ELABORACI\u00d3N Los siguientes son los [&hellip;]<\/p>\n","protected":false},"author":1,"featured_media":0,"parent":0,"menu_order":0,"comment_status":"closed","ping_status":"closed","template":"","meta":{"site-sidebar-layout":"no-sidebar","site-content-layout":"page-builder","ast-site-content-layout":"default","site-content-style":"default","site-sidebar-style":"default","ast-global-header-display":"","ast-banner-title-visibility":"","ast-main-header-display":"","ast-hfb-above-header-display":"","ast-hfb-below-header-display":"","ast-hfb-mobile-header-display":"","site-post-title":"disabled","ast-breadcrumbs-content":"","ast-featured-img":"disabled","footer-sml-layout":"","theme-transparent-header-meta":"","adv-header-id-meta":"","stick-header-meta":"","header-above-stick-meta":"","header-main-stick-meta":"","header-below-stick-meta":"","astra-migrate-meta-layouts":"default","ast-page-background-enabled":"default","ast-page-background-meta":{"desktop":{"background-color":"var(--ast-global-color-4)","background-image":"","background-repeat":"repeat","background-position":"center center","background-size":"auto","background-attachment":"scroll","background-type":"","background-media":"","overlay-type":"","overlay-color":"","overlay-opacity":"","overlay-gradient":""},"tablet":{"background-color":"","background-image":"","background-repeat":"repeat","background-position":"center center","background-size":"auto","background-attachment":"scroll","background-type":"","background-media":"","overlay-type":"","overlay-color":"","overlay-opacity":"","overlay-gradient":""},"mobile":{"background-color":"","background-image":"","background-repeat":"repeat","background-position":"center center","background-size":"auto","background-attachment":"scroll","background-type":"","background-media":"","overlay-type":"","overlay-color":"","overlay-opacity":"","overlay-gradient":""}},"ast-content-background-meta":{"desktop":{"background-color":"var(--ast-global-color-5)","background-image":"","background-repeat":"repeat","background-position":"center center","background-size":"auto","background-attachment":"scroll","background-type":"","background-media":"","overlay-type":"","overlay-color":"","overlay-opacity":"","overlay-gradient":""},"tablet":{"background-color":"var(--ast-global-color-5)","background-image":"","background-repeat":"repeat","background-position":"center center","background-size":"auto","background-attachment":"scroll","background-type":"","background-media":"","overlay-type":"","overlay-color":"","overlay-opacity":"","overlay-gradient":""},"mobile":{"background-color":"var(--ast-global-color-5)","background-image":"","background-repeat":"repeat","background-position":"center center","background-size":"auto","background-attachment":"scroll","background-type":"","background-media":"","overlay-type":"","overlay-color":"","overlay-opacity":"","overlay-gradient":""}},"footnotes":""},"class_list":["post-298","page","type-page","status-publish","hentry"],"aioseo_notices":[],"_links":{"self":[{"href":"https:\/\/ewajoyeria.com\/index.php\/wp-json\/wp\/v2\/pages\/298","targetHints":{"allow":["GET"]}}],"collection":[{"href":"https:\/\/ewajoyeria.com\/index.php\/wp-json\/wp\/v2\/pages"}],"about":[{"href":"https:\/\/ewajoyeria.com\/index.php\/wp-json\/wp\/v2\/types\/page"}],"author":[{"embeddable":true,"href":"https:\/\/ewajoyeria.com\/index.php\/wp-json\/wp\/v2\/users\/1"}],"replies":[{"embeddable":true,"href":"https:\/\/ewajoyeria.com\/index.php\/wp-json\/wp\/v2\/comments?post=298"}],"version-history":[{"count":104,"href":"https:\/\/ewajoyeria.com\/index.php\/wp-json\/wp\/v2\/pages\/298\/revisions"}],"predecessor-version":[{"id":5723,"href":"https:\/\/ewajoyeria.com\/index.php\/wp-json\/wp\/v2\/pages\/298\/revisions\/5723"}],"wp:attachment":[{"href":"https:\/\/ewajoyeria.com\/index.php\/wp-json\/wp\/v2\/media?parent=298"}],"curies":[{"name":"wp","href":"https:\/\/api.w.org\/{rel}","templated":true}]}}