{"id":2176,"date":"2023-07-24T22:32:11","date_gmt":"2023-07-24T22:32:11","guid":{"rendered":"https:\/\/ewajoyeria.com\/?page_id=2176"},"modified":"2025-05-25T04:35:13","modified_gmt":"2025-05-25T04:35:13","slug":"oro-responsable","status":"publish","type":"page","link":"https:\/\/ewajoyeria.com\/index.php\/oro-responsable\/","title":{"rendered":"Oro responsable"},"content":{"rendered":"\t\t<div data-elementor-type=\"wp-page\" data-elementor-id=\"2176\" class=\"elementor elementor-2176\" data-elementor-post-type=\"page\">\n\t\t\t\t\t\t<section class=\"elementor-section elementor-top-section elementor-element elementor-element-4646b62 elementor-section-content-middle elementor-section-boxed elementor-section-height-default elementor-section-height-default\" data-id=\"4646b62\" data-element_type=\"section\">\n\t\t\t\t\t\t<div class=\"elementor-container elementor-column-gap-no\">\n\t\t\t\t\t<div class=\"elementor-column elementor-col-100 elementor-top-column elementor-element elementor-element-0fde5fa\" data-id=\"0fde5fa\" data-element_type=\"column\">\n\t\t\t<div class=\"elementor-widget-wrap elementor-element-populated\">\n\t\t\t\t\t\t<div class=\"elementor-element elementor-element-6dcabe4 elementor-widget elementor-widget-image\" data-id=\"6dcabe4\" data-element_type=\"widget\" data-widget_type=\"image.default\">\n\t\t\t\t<div class=\"elementor-widget-container\">\n\t\t\t\t\t\t\t\t\t\t\t\t\t\t\t<img fetchpriority=\"high\" decoding=\"async\" width=\"1600\" height=\"1280\" src=\"https:\/\/ewajoyeria.com\/wp-content\/uploads\/2024\/09\/EWA-Joyeria-Anillo-en-oro-blanco-con-diamantes-MAR-2.jpg\" class=\"attachment-full size-full wp-image-4657\" alt=\"EWA Joyeria Anillo en oro blanco con diamantes MAR 2\" srcset=\"https:\/\/ewajoyeria.com\/wp-content\/uploads\/2024\/09\/EWA-Joyeria-Anillo-en-oro-blanco-con-diamantes-MAR-2.jpg 1600w, https:\/\/ewajoyeria.com\/wp-content\/uploads\/2024\/09\/EWA-Joyeria-Anillo-en-oro-blanco-con-diamantes-MAR-2-300x240.jpg 300w, https:\/\/ewajoyeria.com\/wp-content\/uploads\/2024\/09\/EWA-Joyeria-Anillo-en-oro-blanco-con-diamantes-MAR-2-1024x819.jpg 1024w, https:\/\/ewajoyeria.com\/wp-content\/uploads\/2024\/09\/EWA-Joyeria-Anillo-en-oro-blanco-con-diamantes-MAR-2-768x614.jpg 768w, https:\/\/ewajoyeria.com\/wp-content\/uploads\/2024\/09\/EWA-Joyeria-Anillo-en-oro-blanco-con-diamantes-MAR-2-1536x1229.jpg 1536w, https:\/\/ewajoyeria.com\/wp-content\/uploads\/2024\/09\/EWA-Joyeria-Anillo-en-oro-blanco-con-diamantes-MAR-2-600x480.jpg 600w\" sizes=\"(max-width: 1600px) 100vw, 1600px\" \/>\t\t\t\t\t\t\t\t\t\t\t\t\t\t\t<\/div>\n\t\t\t\t<\/div>\n\t\t\t\t<div class=\"elementor-element elementor-element-ed5e951 elementor-widget elementor-widget-heading\" data-id=\"ed5e951\" data-element_type=\"widget\" data-widget_type=\"heading.default\">\n\t\t\t\t<div class=\"elementor-widget-container\">\n\t\t\t\t\t<h1 class=\"elementor-heading-title elementor-size-default\">ORO RESPONSABLE EWA<\/h1>\t\t\t\t<\/div>\n\t\t\t\t<\/div>\n\t\t\t\t<div class=\"elementor-element elementor-element-d93546b elementor-widget elementor-widget-heading\" data-id=\"d93546b\" data-element_type=\"widget\" data-widget_type=\"heading.default\">\n\t\t\t\t<div class=\"elementor-widget-container\">\n\t\t\t\t\t<p class=\"elementor-heading-title elementor-size-default\">Nuestra pol\u00edtica de oro responsable de la m\u00e1s alta calidad, ofrecido por EWA joyer\u00eda.<\/p>\t\t\t\t<\/div>\n\t\t\t\t<\/div>\n\t\t\t\t\t<\/div>\n\t\t<\/div>\n\t\t\t\t\t<\/div>\n\t\t<\/section>\n\t\t\t\t<section class=\"elementor-section elementor-top-section elementor-element elementor-element-18755fd6 elementor-section-boxed elementor-section-height-default elementor-section-height-default\" data-id=\"18755fd6\" data-element_type=\"section\">\n\t\t\t\t\t\t<div class=\"elementor-container elementor-column-gap-no\">\n\t\t\t\t\t<div class=\"elementor-column elementor-col-50 elementor-top-column elementor-element elementor-element-50f811ad\" data-id=\"50f811ad\" data-element_type=\"column\">\n\t\t\t<div class=\"elementor-widget-wrap elementor-element-populated\">\n\t\t\t\t\t\t<div class=\"elementor-element elementor-element-6285ebb elementor-widget elementor-widget-text-editor\" data-id=\"6285ebb\" data-element_type=\"widget\" data-widget_type=\"text-editor.default\">\n\t\t\t\t<div class=\"elementor-widget-container\">\n\t\t\t\t\t\t\t\t\t<p>EWA: Derivado del idioma pa\u00e9z (hablado por ind\u00edgenas de la zona andina de Colombia), desde sus ra\u00edces hasta la elaboraci\u00f3n de su misi\u00f3n y visi\u00f3n, se compromete por utilizar materiales de calidad y legales.<\/p><p>Al comprar joyer\u00eda con oro responsable, usted contribuye a la transformaci\u00f3n positiva de las vidas de los mineros y sus familias, que reciben un precio justo y un premio por su oro, que invierten en proyectos sociales, ambientales y de mejora de su actividad. Adem\u00e1s, usted se asegura de que el oro que usa es trazable y cumple con los m\u00e1s altos est\u00e1ndares de responsabilidad.<\/p><p>EWA fomenta la compra de oro sostenible, a precio justo y para que pueda ser transformado en piezas \u00fanicas, de alta joyer\u00eda.<\/p><p>Conoce m\u00e1s sobre el oro sostenible en este enlace:\u00a0<a href=\"https:\/\/fairmined.org\/es\/\">Inicio &#8211; Fairmined<\/a><\/p><p>EWA joyer\u00eda solo utiliza oro amarillo y blanco de dieciocho quilates.\u00a0<\/p><h3>ORO BLANCO Y ALEACI\u00d3N EN PALADIO<\/h3><p>EWA joyer\u00eda bajo su est\u00e1ndar de calidad, utiliza principalmente la aleaci\u00f3n de paladio para la obtenci\u00f3n de oro blanco de dieciocho quilates. Dicha aleaci\u00f3n permite conservar las propiedades del oro y no afecta su durabilidad.<\/p><p>Dicha aleaci\u00f3n puede variar por solicitud expl\u00edcita del cliente y seg\u00fan viabilidad.<\/p><p>Para m\u00e1s informaci\u00f3n sobre aleaciones en oro blanco, puede comunicarse con nosotros o agendar una cita <a href=\"https:\/\/ewajoyeria.com\/index.php\/agendar-una-cita\/\">AQU\u00cd<\/a>.<\/p><h3>INFORMACI\u00d3N ADICIONAL<\/h3><p>Para consultar nuestras opciones de diamantes naturales puede contactarse con nosotros:<\/p><p>+57 3105458202<\/p><p>ewajoyeria1@gmail.com<\/p>\t\t\t\t\t\t\t\t<\/div>\n\t\t\t\t<\/div>\n\t\t\t\t\t<\/div>\n\t\t<\/div>\n\t\t\t\t<div class=\"elementor-column elementor-col-50 elementor-top-column elementor-element elementor-element-876fc0b\" data-id=\"876fc0b\" data-element_type=\"column\">\n\t\t\t<div class=\"elementor-widget-wrap elementor-element-populated\">\n\t\t\t\t\t\t<div class=\"elementor-element elementor-element-49bc04c6 elementor-widget elementor-widget-heading\" data-id=\"49bc04c6\" data-element_type=\"widget\" data-widget_type=\"heading.default\">\n\t\t\t\t<div class=\"elementor-widget-container\">\n\t\t\t\t\t<h2 class=\"elementor-heading-title elementor-size-default\">DE INTER\u00c9S<\/h2>\t\t\t\t<\/div>\n\t\t\t\t<\/div>\n\t\t\t\t<div class=\"elementor-element elementor-element-49c7f4b4 elementor-grid-1 elementor-posts--thumbnail-left elementor-grid-tablet-1 elementor-widget__width-initial elementor-grid-mobile-1 elementor-widget elementor-widget-posts\" data-id=\"49c7f4b4\" data-element_type=\"widget\" data-settings=\"{&quot;classic_row_gap&quot;:{&quot;unit&quot;:&quot;px&quot;,&quot;size&quot;:&quot;20&quot;,&quot;sizes&quot;:[]},&quot;classic_columns&quot;:&quot;1&quot;,&quot;classic_columns_tablet&quot;:&quot;1&quot;,&quot;classic_columns_mobile&quot;:&quot;1&quot;,&quot;classic_row_gap_tablet_extra&quot;:{&quot;unit&quot;:&quot;px&quot;,&quot;size&quot;:&quot;&quot;,&quot;sizes&quot;:[]},&quot;classic_row_gap_tablet&quot;:{&quot;unit&quot;:&quot;px&quot;,&quot;size&quot;:&quot;&quot;,&quot;sizes&quot;:[]},&quot;classic_row_gap_mobile&quot;:{&quot;unit&quot;:&quot;px&quot;,&quot;size&quot;:&quot;&quot;,&quot;sizes&quot;:[]}}\" data-widget_type=\"posts.classic\">\n\t\t\t\t<div class=\"elementor-widget-container\">\n\t\t\t\t\t\t\t<div class=\"elementor-posts-container elementor-posts elementor-posts--skin-classic elementor-grid\">\n\t\t\t\t<article class=\"elementor-post elementor-grid-item post-6657 post type-post status-publish format-standard has-post-thumbnail hentry category-sin-categoria\">\n\t\t\t\t<a class=\"elementor-post__thumbnail__link\" href=\"https:\/\/ewajoyeria.com\/index.php\/2026\/04\/17\/actualizacion-de-precios-diamantes-de-laboratorio-ewa-joyeria\/\" tabindex=\"-1\" >\n\t\t\t<div class=\"elementor-post__thumbnail\"><img decoding=\"async\" width=\"300\" height=\"240\" src=\"https:\/\/ewajoyeria.com\/wp-content\/uploads\/2025\/12\/anillo-de-compromiso-en-oro-blanco-de-18-quilates-con-diamantes-estilo-MARQUESA-2-5-300x240.webp\" class=\"attachment-medium size-medium wp-image-6431\" alt=\"EWA anillo de compromiso en oro blanco de 18 quilates con diamantes estilo MARQUESA 2 5\" srcset=\"https:\/\/ewajoyeria.com\/wp-content\/uploads\/2025\/12\/anillo-de-compromiso-en-oro-blanco-de-18-quilates-con-diamantes-estilo-MARQUESA-2-5-300x240.webp 300w, https:\/\/ewajoyeria.com\/wp-content\/uploads\/2025\/12\/anillo-de-compromiso-en-oro-blanco-de-18-quilates-con-diamantes-estilo-MARQUESA-2-5-1024x819.webp 1024w, https:\/\/ewajoyeria.com\/wp-content\/uploads\/2025\/12\/anillo-de-compromiso-en-oro-blanco-de-18-quilates-con-diamantes-estilo-MARQUESA-2-5-768x614.webp 768w, https:\/\/ewajoyeria.com\/wp-content\/uploads\/2025\/12\/anillo-de-compromiso-en-oro-blanco-de-18-quilates-con-diamantes-estilo-MARQUESA-2-5-600x480.webp 600w, https:\/\/ewajoyeria.com\/wp-content\/uploads\/2025\/12\/anillo-de-compromiso-en-oro-blanco-de-18-quilates-con-diamantes-estilo-MARQUESA-2-5.webp 1280w\" sizes=\"(max-width: 300px) 100vw, 300px\" \/><\/div>\n\t\t<\/a>\n\t\t\t\t<div class=\"elementor-post__text\">\n\t\t\t\t<h5 class=\"elementor-post__title\">\n\t\t\t<a href=\"https:\/\/ewajoyeria.com\/index.php\/2026\/04\/17\/actualizacion-de-precios-diamantes-de-laboratorio-ewa-joyeria\/\" >\n\t\t\t\tActualizaci\u00f3n de precios, diamantes de laboratorio EWA joyer\u00eda\t\t\t<\/a>\n\t\t<\/h5>\n\t\t\t\t<div class=\"elementor-post__excerpt\">\n\t\t\t<p>Durante la consolidaci\u00f3n formal de EWA joyer\u00eda hace m\u00e1s de<\/p>\n\t\t<\/div>\n\t\t\t\t<\/div>\n\t\t\t\t<\/article>\n\t\t\t\t<article class=\"elementor-post elementor-grid-item post-6390 post type-post status-publish format-standard has-post-thumbnail hentry category-esmeraldas-colombianas\">\n\t\t\t\t<a class=\"elementor-post__thumbnail__link\" href=\"https:\/\/ewajoyeria.com\/index.php\/2025\/10\/26\/porque-las-esmeraldas-colombianas-son-las-mejores-del-mundo\/\" tabindex=\"-1\" >\n\t\t\t<div class=\"elementor-post__thumbnail\"><img decoding=\"async\" width=\"300\" height=\"169\" src=\"https:\/\/ewajoyeria.com\/wp-content\/uploads\/2022\/12\/accesorios_esmeralda_ewa_joyeria-300x169.webp\" class=\"attachment-medium size-medium wp-image-1357\" alt=\"accesorios_esmeralda_ewa_joyeria\" srcset=\"https:\/\/ewajoyeria.com\/wp-content\/uploads\/2022\/12\/accesorios_esmeralda_ewa_joyeria-300x169.webp 300w, https:\/\/ewajoyeria.com\/wp-content\/uploads\/2022\/12\/accesorios_esmeralda_ewa_joyeria-1024x576.webp 1024w, https:\/\/ewajoyeria.com\/wp-content\/uploads\/2022\/12\/accesorios_esmeralda_ewa_joyeria-768x432.webp 768w, https:\/\/ewajoyeria.com\/wp-content\/uploads\/2022\/12\/accesorios_esmeralda_ewa_joyeria-1536x864.webp 1536w, https:\/\/ewajoyeria.com\/wp-content\/uploads\/2022\/12\/accesorios_esmeralda_ewa_joyeria-1320x743.webp 1320w, https:\/\/ewajoyeria.com\/wp-content\/uploads\/2022\/12\/accesorios_esmeralda_ewa_joyeria-600x338.webp 600w, https:\/\/ewajoyeria.com\/wp-content\/uploads\/2022\/12\/accesorios_esmeralda_ewa_joyeria.webp 1920w\" sizes=\"(max-width: 300px) 100vw, 300px\" \/><\/div>\n\t\t<\/a>\n\t\t\t\t<div class=\"elementor-post__text\">\n\t\t\t\t<h5 class=\"elementor-post__title\">\n\t\t\t<a href=\"https:\/\/ewajoyeria.com\/index.php\/2025\/10\/26\/porque-las-esmeraldas-colombianas-son-las-mejores-del-mundo\/\" >\n\t\t\t\tPorqu\u00e9 las esmeraldas Colombianas son las mejores del mundo\t\t\t<\/a>\n\t\t<\/h5>\n\t\t\t\t<div class=\"elementor-post__excerpt\">\n\t\t\t<p>Desde la antig\u00fcedad, las esmeraldas han sido veneradas por sus<\/p>\n\t\t<\/div>\n\t\t\t\t<\/div>\n\t\t\t\t<\/article>\n\t\t\t\t<article class=\"elementor-post elementor-grid-item post-4929 post type-post status-publish format-standard has-post-thumbnail hentry category-argolla-de-matrimonio tag-pedir-matrimonio\">\n\t\t\t\t<a class=\"elementor-post__thumbnail__link\" href=\"https:\/\/ewajoyeria.com\/index.php\/2024\/12\/29\/5-lugares-para-pedir-matrimonio-en-bogota\/\" tabindex=\"-1\" >\n\t\t\t<div class=\"elementor-post__thumbnail\"><img loading=\"lazy\" decoding=\"async\" width=\"300\" height=\"200\" src=\"https:\/\/ewajoyeria.com\/wp-content\/uploads\/2024\/12\/Biblioteca_Virgilio_Barco_Bogota_Colombia-300x200.jpg\" class=\"attachment-medium size-medium wp-image-4932\" alt=\"Pedir matrimonio en la bilbioteca virgilio barco\" srcset=\"https:\/\/ewajoyeria.com\/wp-content\/uploads\/2024\/12\/Biblioteca_Virgilio_Barco_Bogota_Colombia-300x200.jpg 300w, https:\/\/ewajoyeria.com\/wp-content\/uploads\/2024\/12\/Biblioteca_Virgilio_Barco_Bogota_Colombia-1024x681.jpg 1024w, https:\/\/ewajoyeria.com\/wp-content\/uploads\/2024\/12\/Biblioteca_Virgilio_Barco_Bogota_Colombia-768x511.jpg 768w, https:\/\/ewajoyeria.com\/wp-content\/uploads\/2024\/12\/Biblioteca_Virgilio_Barco_Bogota_Colombia-600x399.jpg 600w, https:\/\/ewajoyeria.com\/wp-content\/uploads\/2024\/12\/Biblioteca_Virgilio_Barco_Bogota_Colombia.jpg 1200w\" sizes=\"(max-width: 300px) 100vw, 300px\" \/><\/div>\n\t\t<\/a>\n\t\t\t\t<div class=\"elementor-post__text\">\n\t\t\t\t<h5 class=\"elementor-post__title\">\n\t\t\t<a href=\"https:\/\/ewajoyeria.com\/index.php\/2024\/12\/29\/5-lugares-para-pedir-matrimonio-en-bogota\/\" >\n\t\t\t\t5 LUGARES PARA PEDIR MATRIMONIO EN BOGOT\u00c1\t\t\t<\/a>\n\t\t<\/h5>\n\t\t\t\t<div class=\"elementor-post__excerpt\">\n\t\t\t<p>La capital de Colombia es una ciudad multicultural que ha<\/p>\n\t\t<\/div>\n\t\t\t\t<\/div>\n\t\t\t\t<\/article>\n\t\t\t\t<\/div>\n\t\t\n\t\t\t\t\t\t<\/div>\n\t\t\t\t<\/div>\n\t\t\t\t\t<\/div>\n\t\t<\/div>\n\t\t\t\t\t<\/div>\n\t\t<\/section>\n\t\t\t\t<section class=\"elementor-section elementor-top-section elementor-element elementor-element-975f7c4 elementor-section-boxed elementor-section-height-default elementor-section-height-default\" data-id=\"975f7c4\" data-element_type=\"section\">\n\t\t\t\t\t\t<div class=\"elementor-container elementor-column-gap-default\">\n\t\t\t\t\t<div class=\"elementor-column elementor-col-100 elementor-top-column elementor-element elementor-element-e0d81af\" data-id=\"e0d81af\" data-element_type=\"column\">\n\t\t\t<div class=\"elementor-widget-wrap\">\n\t\t\t\t\t\t\t<\/div>\n\t\t<\/div>\n\t\t\t\t\t<\/div>\n\t\t<\/section>\n\t\t\t\t<\/div>\n\t\t","protected":false},"excerpt":{"rendered":"<p>ORO RESPONSABLE EWA Nuestra pol\u00edtica de oro responsable de la m\u00e1s alta calidad, ofrecido por EWA joyer\u00eda. EWA: Derivado del idioma pa\u00e9z (hablado por ind\u00edgenas de la zona andina de Colombia), desde sus ra\u00edces hasta la elaboraci\u00f3n de su misi\u00f3n y visi\u00f3n, se compromete por utilizar materiales de calidad y legales. Al comprar joyer\u00eda con [&hellip;]<\/p>\n","protected":false},"author":1,"featured_media":0,"parent":0,"menu_order":0,"comment_status":"closed","ping_status":"closed","template":"","meta":{"site-sidebar-layout":"no-sidebar","site-content-layout":"page-builder","ast-site-content-layout":"default","site-content-style":"default","site-sidebar-style":"default","ast-global-header-display":"","ast-banner-title-visibility":"","ast-main-header-display":"","ast-hfb-above-header-display":"","ast-hfb-below-header-display":"","ast-hfb-mobile-header-display":"","site-post-title":"disabled","ast-breadcrumbs-content":"","ast-featured-img":"disabled","footer-sml-layout":"","theme-transparent-header-meta":"","adv-header-id-meta":"","stick-header-meta":"","header-above-stick-meta":"","header-main-stick-meta":"","header-below-stick-meta":"","astra-migrate-meta-layouts":"default","ast-page-background-enabled":"default","ast-page-background-meta":{"desktop":{"background-color":"var(--ast-global-color-4)","background-image":"","background-repeat":"repeat","background-position":"center center","background-size":"auto","background-attachment":"scroll","background-type":"","background-media":"","overlay-type":"","overlay-color":"","overlay-opacity":"","overlay-gradient":""},"tablet":{"background-color":"","background-image":"","background-repeat":"repeat","background-position":"center center","background-size":"auto","background-attachment":"scroll","background-type":"","background-media":"","overlay-type":"","overlay-color":"","overlay-opacity":"","overlay-gradient":""},"mobile":{"background-color":"","background-image":"","background-repeat":"repeat","background-position":"center center","background-size":"auto","background-attachment":"scroll","background-type":"","background-media":"","overlay-type":"","overlay-color":"","overlay-opacity":"","overlay-gradient":""}},"ast-content-background-meta":{"desktop":{"background-color":"var(--ast-global-color-5)","background-image":"","background-repeat":"repeat","background-position":"center center","background-size":"auto","background-attachment":"scroll","background-type":"","background-media":"","overlay-type":"","overlay-color":"","overlay-opacity":"","overlay-gradient":""},"tablet":{"background-color":"var(--ast-global-color-5)","background-image":"","background-repeat":"repeat","background-position":"center center","background-size":"auto","background-attachment":"scroll","background-type":"","background-media":"","overlay-type":"","overlay-color":"","overlay-opacity":"","overlay-gradient":""},"mobile":{"background-color":"var(--ast-global-color-5)","background-image":"","background-repeat":"repeat","background-position":"center center","background-size":"auto","background-attachment":"scroll","background-type":"","background-media":"","overlay-type":"","overlay-color":"","overlay-opacity":"","overlay-gradient":""}},"footnotes":""},"class_list":["post-2176","page","type-page","status-publish","hentry"],"aioseo_notices":[],"_links":{"self":[{"href":"https:\/\/ewajoyeria.com\/index.php\/wp-json\/wp\/v2\/pages\/2176","targetHints":{"allow":["GET"]}}],"collection":[{"href":"https:\/\/ewajoyeria.com\/index.php\/wp-json\/wp\/v2\/pages"}],"about":[{"href":"https:\/\/ewajoyeria.com\/index.php\/wp-json\/wp\/v2\/types\/page"}],"author":[{"embeddable":true,"href":"https:\/\/ewajoyeria.com\/index.php\/wp-json\/wp\/v2\/users\/1"}],"replies":[{"embeddable":true,"href":"https:\/\/ewajoyeria.com\/index.php\/wp-json\/wp\/v2\/comments?post=2176"}],"version-history":[{"count":32,"href":"https:\/\/ewajoyeria.com\/index.php\/wp-json\/wp\/v2\/pages\/2176\/revisions"}],"predecessor-version":[{"id":5670,"href":"https:\/\/ewajoyeria.com\/index.php\/wp-json\/wp\/v2\/pages\/2176\/revisions\/5670"}],"wp:attachment":[{"href":"https:\/\/ewajoyeria.com\/index.php\/wp-json\/wp\/v2\/media?parent=2176"}],"curies":[{"name":"wp","href":"https:\/\/api.w.org\/{rel}","templated":true}]}}